{"id":2490,"date":"2021-09-09T13:36:14","date_gmt":"2021-09-09T13:36:14","guid":{"rendered":"https:\/\/resfoundation.org\/rs\/?page_id=2490"},"modified":"2021-09-09T13:36:38","modified_gmt":"2021-09-09T13:36:38","slug":"energetski-menadzment","status":"publish","type":"page","link":"https:\/\/resfoundation.org\/rs\/energetski-menadzment\/","title":{"rendered":"Energetski menad\u017ement"},"content":{"rendered":"\t\t<div data-elementor-type=\"wp-page\" data-elementor-id=\"2490\" class=\"elementor elementor-2490\">\n\t\t\t\t\t\t<section class=\"elementor-section elementor-top-section elementor-element elementor-element-53f9025 elementor-section-full_width elementor-section-height-default elementor-section-height-default\" data-id=\"53f9025\" data-element_type=\"section\" data-e-type=\"section\" data-settings=\"{&quot;background_background&quot;:&quot;classic&quot;}\">\n\t\t\t\t\t\t<div class=\"elementor-container elementor-column-gap-default\">\n\t\t\t\t\t<div class=\"elementor-column elementor-col-100 elementor-top-column elementor-element elementor-element-a1129b5\" data-id=\"a1129b5\" data-element_type=\"column\" data-e-type=\"column\">\n\t\t\t<div class=\"elementor-widget-wrap elementor-element-populated\">\n\t\t\t\t\t\t<section class=\"elementor-section elementor-inner-section elementor-element elementor-element-3f140f9 elementor-section-boxed elementor-section-height-default elementor-section-height-default\" data-id=\"3f140f9\" data-element_type=\"section\" data-e-type=\"section\">\n\t\t\t\t\t\t<div class=\"elementor-container elementor-column-gap-default\">\n\t\t\t\t\t<div class=\"elementor-column elementor-col-50 elementor-inner-column elementor-element elementor-element-1731c51\" data-id=\"1731c51\" data-element_type=\"column\" data-e-type=\"column\">\n\t\t\t<div class=\"elementor-widget-wrap elementor-element-populated\">\n\t\t\t\t\t\t<div class=\"elementor-element elementor-element-6cfcb08 elementor-widget elementor-widget-image\" data-id=\"6cfcb08\" data-element_type=\"widget\" data-e-type=\"widget\" data-widget_type=\"image.default\">\n\t\t\t\t<div class=\"elementor-widget-container\">\n\t\t\t\t\t\t\t\t\t\t\t\t\t\t\t<img decoding=\"async\" src=\"https:\/\/resfoundation.org\/rs\/wp-content\/uploads\/elementor\/thumbs\/energetski-menadzment-pcv2pgru7u1534cgziz8k2f0f3e93qq2k2l7vq4qro.jpg\" title=\"energetski menad\u017ement\" alt=\"energetski menad\u017ement\" loading=\"lazy\" \/>\t\t\t\t\t\t\t\t\t\t\t\t\t\t\t<\/div>\n\t\t\t\t<\/div>\n\t\t\t\t\t<\/div>\n\t\t<\/div>\n\t\t\t\t<div class=\"elementor-column elementor-col-50 elementor-inner-column elementor-element elementor-element-eb87772\" data-id=\"eb87772\" data-element_type=\"column\" data-e-type=\"column\">\n\t\t\t<div class=\"elementor-widget-wrap elementor-element-populated\">\n\t\t\t\t\t\t<div class=\"elementor-element elementor-element-8a34b01 elementor-widget elementor-widget-heading\" data-id=\"8a34b01\" data-element_type=\"widget\" data-e-type=\"widget\" data-widget_type=\"heading.default\">\n\t\t\t\t<div class=\"elementor-widget-container\">\n\t\t\t\t\t<h2 class=\"elementor-heading-title elementor-size-default\">Energetski menad\u017ement<\/h2>\t\t\t\t<\/div>\n\t\t\t\t<\/div>\n\t\t\t\t<div class=\"elementor-element elementor-element-161b5ae elementor-icon-list--layout-traditional elementor-list-item-link-full_width elementor-widget elementor-widget-icon-list\" data-id=\"161b5ae\" data-element_type=\"widget\" data-e-type=\"widget\" data-widget_type=\"icon-list.default\">\n\t\t\t\t<div class=\"elementor-widget-container\">\n\t\t\t\t\t\t\t<ul class=\"elementor-icon-list-items\">\n\t\t\t\t\t\t\t<li class=\"elementor-icon-list-item\">\n\t\t\t\t\t\t\t\t\t\t\t<span class=\"elementor-icon-list-icon\">\n\t\t\t\t\t\t\t<i aria-hidden=\"true\" class=\"fas fa-dot-circle\"><\/i>\t\t\t\t\t\t<\/span>\n\t\t\t\t\t\t\t\t\t\t<span class=\"elementor-icon-list-text\">za oblast op\u0161tinske energetike<\/span>\n\t\t\t\t\t\t\t\t\t<\/li>\n\t\t\t\t\t\t\t\t<li class=\"elementor-icon-list-item\">\n\t\t\t\t\t\t\t\t\t\t\t<span class=\"elementor-icon-list-icon\">\n\t\t\t\t\t\t\t<i aria-hidden=\"true\" class=\"fas fa-dot-circle\"><\/i>\t\t\t\t\t\t<\/span>\n\t\t\t\t\t\t\t\t\t\t<span class=\"elementor-icon-list-text\">za oblast energetike zgrada <BR \/>(rent-a-menad\u017eer, izrada programa unapre\u0111enja energetske efikasnosti, akcionih planova, godi\u0161njih izve\u0161taja\u2026)<\/span>\n\t\t\t\t\t\t\t\t\t<\/li>\n\t\t\t\t\t\t<\/ul>\n\t\t\t\t\t\t<\/div>\n\t\t\t\t<\/div>\n\t\t\t\t\t<\/div>\n\t\t<\/div>\n\t\t\t\t\t<\/div>\n\t\t<\/section>\n\t\t\t\t\t<\/div>\n\t\t<\/div>\n\t\t\t\t\t<\/div>\n\t\t<\/section>\n\t\t\t\t<section class=\"elementor-section elementor-top-section elementor-element elementor-element-a8b5743 elementor-section-boxed elementor-section-height-default elementor-section-height-default\" data-id=\"a8b5743\" data-element_type=\"section\" data-e-type=\"section\">\n\t\t\t\t\t\t<div class=\"elementor-container elementor-column-gap-default\">\n\t\t\t\t\t<div class=\"elementor-column elementor-col-100 elementor-top-column elementor-element elementor-element-f6d455f\" data-id=\"f6d455f\" data-element_type=\"column\" data-e-type=\"column\">\n\t\t\t<div class=\"elementor-widget-wrap elementor-element-populated\">\n\t\t\t\t\t\t\t<\/div>\n\t\t<\/div>\n\t\t\t\t\t<\/div>\n\t\t<\/section>\n\t\t\t\t<section class=\"elementor-section elementor-top-section elementor-element elementor-element-d0cded7 elementor-section-full_width elementor-section-height-default elementor-section-height-default\" data-id=\"d0cded7\" data-element_type=\"section\" data-e-type=\"section\" data-settings=\"{&quot;background_background&quot;:&quot;classic&quot;}\">\n\t\t\t\t\t\t<div class=\"elementor-container elementor-column-gap-default\">\n\t\t\t\t\t<div class=\"elementor-column elementor-col-100 elementor-top-column elementor-element elementor-element-f111f09\" data-id=\"f111f09\" data-element_type=\"column\" data-e-type=\"column\">\n\t\t\t<div class=\"elementor-widget-wrap elementor-element-populated\">\n\t\t\t\t\t\t<section class=\"elementor-section elementor-inner-section elementor-element elementor-element-8a138d5 elementor-section-boxed elementor-section-height-default elementor-section-height-default\" data-id=\"8a138d5\" data-element_type=\"section\" data-e-type=\"section\">\n\t\t\t\t\t\t<div class=\"elementor-container elementor-column-gap-default\">\n\t\t\t\t\t<div class=\"elementor-column elementor-col-50 elementor-inner-column elementor-element elementor-element-1f27c2c\" data-id=\"1f27c2c\" data-element_type=\"column\" data-e-type=\"column\">\n\t\t\t<div class=\"elementor-widget-wrap elementor-element-populated\">\n\t\t\t\t\t\t<div class=\"elementor-element elementor-element-1dc9ff1 elementor-widget elementor-widget-image\" data-id=\"1dc9ff1\" data-element_type=\"widget\" data-e-type=\"widget\" data-widget_type=\"image.default\">\n\t\t\t\t<div class=\"elementor-widget-container\">\n\t\t\t\t\t\t\t\t\t\t\t\t\t\t\t<img fetchpriority=\"high\" decoding=\"async\" width=\"600\" height=\"450\" src=\"https:\/\/resfoundation.org\/rs\/wp-content\/uploads\/2021\/09\/project-management-2061635_1920-1.jpg\" class=\"attachment-medium_large size-medium_large wp-image-2493\" alt=\"projektni menad\u017ement\" srcset=\"https:\/\/resfoundation.org\/rs\/wp-content\/uploads\/2021\/09\/project-management-2061635_1920-1.jpg 600w, https:\/\/resfoundation.org\/rs\/wp-content\/uploads\/2021\/09\/project-management-2061635_1920-1-300x225.jpg 300w\" sizes=\"(max-width: 600px) 100vw, 600px\" \/>\t\t\t\t\t\t\t\t\t\t\t\t\t\t\t<\/div>\n\t\t\t\t<\/div>\n\t\t\t\t\t<\/div>\n\t\t<\/div>\n\t\t\t\t<div class=\"elementor-column elementor-col-50 elementor-inner-column elementor-element elementor-element-c7a9d18\" data-id=\"c7a9d18\" data-element_type=\"column\" data-e-type=\"column\">\n\t\t\t<div class=\"elementor-widget-wrap elementor-element-populated\">\n\t\t\t\t\t\t<div class=\"elementor-element elementor-element-c03e483 elementor-widget elementor-widget-heading\" data-id=\"c03e483\" data-element_type=\"widget\" data-e-type=\"widget\" data-widget_type=\"heading.default\">\n\t\t\t\t<div class=\"elementor-widget-container\">\n\t\t\t\t\t<h2 class=\"elementor-heading-title elementor-size-default\">Projektni menad\u017ement<\/h2>\t\t\t\t<\/div>\n\t\t\t\t<\/div>\n\t\t\t\t<div class=\"elementor-element elementor-element-5ea324b elementor-icon-list--layout-traditional elementor-list-item-link-full_width elementor-widget elementor-widget-icon-list\" data-id=\"5ea324b\" data-element_type=\"widget\" data-e-type=\"widget\" data-widget_type=\"icon-list.default\">\n\t\t\t\t<div class=\"elementor-widget-container\">\n\t\t\t\t\t\t\t<ul class=\"elementor-icon-list-items\">\n\t\t\t\t\t\t\t<li class=\"elementor-icon-list-item\">\n\t\t\t\t\t\t\t\t\t\t\t<span class=\"elementor-icon-list-icon\">\n\t\t\t\t\t\t\t<i aria-hidden=\"true\" class=\"fas fa-dot-circle\"><\/i>\t\t\t\t\t\t<\/span>\n\t\t\t\t\t\t\t\t\t\t<span class=\"elementor-icon-list-text\">osmi\u0161ljavanje, razvoj i implementacija plana upravljanja projektom<\/span>\n\t\t\t\t\t\t\t\t\t<\/li>\n\t\t\t\t\t\t\t\t<li class=\"elementor-icon-list-item\">\n\t\t\t\t\t\t\t\t\t\t\t<span class=\"elementor-icon-list-icon\">\n\t\t\t\t\t\t\t<i aria-hidden=\"true\" class=\"fas fa-dot-circle\"><\/i>\t\t\t\t\t\t<\/span>\n\t\t\t\t\t\t\t\t\t\t<span class=\"elementor-icon-list-text\">zavr\u0161etak projekta u okvirima planiranog vremena i sa predvi\u0111enim tro\u0161kovima<\/span>\n\t\t\t\t\t\t\t\t\t<\/li>\n\t\t\t\t\t\t<\/ul>\n\t\t\t\t\t\t<\/div>\n\t\t\t\t<\/div>\n\t\t\t\t\t<\/div>\n\t\t<\/div>\n\t\t\t\t\t<\/div>\n\t\t<\/section>\n\t\t\t\t\t<\/div>\n\t\t<\/div>\n\t\t\t\t\t<\/div>\n\t\t<\/section>\n\t\t\t\t<\/div>\n\t\t","protected":false},"excerpt":{"rendered":"<p>Energetski menad\u017ement za oblast op\u0161tinske energetike za oblast energetike zgrada (rent-a-menad\u017eer, izrada programa unapre\u0111enja energetske efikasnosti, akcionih planova, godi\u0161njih izve\u0161taja\u2026) Projektni menad\u017ement osmi\u0161ljavanje, razvoj i implementacija plana upravljanja projektom zavr\u0161etak projekta u okvirima planiranog vremena i sa predvi\u0111enim tro\u0161kovima<\/p>\n","protected":false},"author":3,"featured_media":0,"parent":0,"menu_order":0,"comment_status":"closed","ping_status":"closed","template":"","meta":{"footnotes":""},"class_list":["post-2490","page","type-page","status-publish","hentry"],"yoast_head":"<!-- This site is optimized with the Yoast SEO plugin v27.4 - https:\/\/yoast.com\/product\/yoast-seo-wordpress\/ -->\n<title>Energetski menad\u017ement - RES fondacija<\/title>\n<meta name=\"robots\" content=\"index, follow, max-snippet:-1, max-image-preview:large, max-video-preview:-1\" \/>\n<link rel=\"canonical\" href=\"https:\/\/resfoundation.org\/rs\/energetski-menadzment\/\" \/>\n<meta property=\"og:locale\" content=\"sr_RS\" \/>\n<meta property=\"og:type\" content=\"article\" \/>\n<meta property=\"og:title\" content=\"Energetski menad\u017ement - RES fondacija\" \/>\n<meta property=\"og:description\" content=\"Energetski menad\u017ement za oblast op\u0161tinske energetike za oblast energetike zgrada (rent-a-menad\u017eer, izrada programa unapre\u0111enja energetske efikasnosti, akcionih planova, godi\u0161njih izve\u0161taja\u2026) Projektni menad\u017ement osmi\u0161ljavanje, razvoj i implementacija plana upravljanja projektom zavr\u0161etak projekta u okvirima planiranog vremena i sa predvi\u0111enim tro\u0161kovima\" \/>\n<meta property=\"og:url\" content=\"https:\/\/resfoundation.org\/rs\/energetski-menadzment\/\" \/>\n<meta property=\"og:site_name\" content=\"RES fondacija\" \/>\n<meta property=\"article:modified_time\" content=\"2021-09-09T13:36:38+00:00\" \/>\n<meta property=\"og:image\" content=\"https:\/\/resfoundation.org\/rs\/wp-content\/uploads\/elementor\/thumbs\/energetski-menadzment-pcv2pgru7u1534cgziz8k2f0f3e93qq2k2l7vk6epw.jpg\" \/>\n<meta name=\"twitter:card\" content=\"summary_large_image\" \/>\n<script type=\"application\/ld+json\" class=\"yoast-schema-graph\">{\"@context\":\"https:\\\/\\\/schema.org\",\"@graph\":[{\"@type\":\"WebPage\",\"@id\":\"https:\\\/\\\/resfoundation.org\\\/rs\\\/energetski-menadzment\\\/\",\"url\":\"https:\\\/\\\/resfoundation.org\\\/rs\\\/energetski-menadzment\\\/\",\"name\":\"Energetski menad\u017ement - RES fondacija\",\"isPartOf\":{\"@id\":\"https:\\\/\\\/resfoundation.org\\\/rs\\\/#website\"},\"primaryImageOfPage\":{\"@id\":\"https:\\\/\\\/resfoundation.org\\\/rs\\\/energetski-menadzment\\\/#primaryimage\"},\"image\":{\"@id\":\"https:\\\/\\\/resfoundation.org\\\/rs\\\/energetski-menadzment\\\/#primaryimage\"},\"thumbnailUrl\":\"https:\\\/\\\/resfoundation.org\\\/rs\\\/wp-content\\\/uploads\\\/elementor\\\/thumbs\\\/energetski-menadzment-pcv2pgru7u1534cgziz8k2f0f3e93qq2k2l7vk6epw.jpg\",\"datePublished\":\"2021-09-09T13:36:14+00:00\",\"dateModified\":\"2021-09-09T13:36:38+00:00\",\"breadcrumb\":{\"@id\":\"https:\\\/\\\/resfoundation.org\\\/rs\\\/energetski-menadzment\\\/#breadcrumb\"},\"inLanguage\":\"sr-RS\",\"potentialAction\":[{\"@type\":\"ReadAction\",\"target\":[\"https:\\\/\\\/resfoundation.org\\\/rs\\\/energetski-menadzment\\\/\"]}]},{\"@type\":\"ImageObject\",\"inLanguage\":\"sr-RS\",\"@id\":\"https:\\\/\\\/resfoundation.org\\\/rs\\\/energetski-menadzment\\\/#primaryimage\",\"url\":\"https:\\\/\\\/resfoundation.org\\\/rs\\\/wp-content\\\/uploads\\\/elementor\\\/thumbs\\\/energetski-menadzment-pcv2pgru7u1534cgziz8k2f0f3e93qq2k2l7vk6epw.jpg\",\"contentUrl\":\"https:\\\/\\\/resfoundation.org\\\/rs\\\/wp-content\\\/uploads\\\/elementor\\\/thumbs\\\/energetski-menadzment-pcv2pgru7u1534cgziz8k2f0f3e93qq2k2l7vk6epw.jpg\"},{\"@type\":\"BreadcrumbList\",\"@id\":\"https:\\\/\\\/resfoundation.org\\\/rs\\\/energetski-menadzment\\\/#breadcrumb\",\"itemListElement\":[{\"@type\":\"ListItem\",\"position\":1,\"name\":\"\u041f\u043e\u0447\u0435\u0442\u043d\u0430\",\"item\":\"https:\\\/\\\/resfoundation.org\\\/rs\\\/\"},{\"@type\":\"ListItem\",\"position\":2,\"name\":\"Energetski menad\u017ement\"}]},{\"@type\":\"WebSite\",\"@id\":\"https:\\\/\\\/resfoundation.org\\\/rs\\\/#website\",\"url\":\"https:\\\/\\\/resfoundation.org\\\/rs\\\/\",\"name\":\"RES fondacija\",\"description\":\"Partnerships for Resilience\",\"publisher\":{\"@id\":\"https:\\\/\\\/resfoundation.org\\\/rs\\\/#organization\"},\"potentialAction\":[{\"@type\":\"SearchAction\",\"target\":{\"@type\":\"EntryPoint\",\"urlTemplate\":\"https:\\\/\\\/resfoundation.org\\\/rs\\\/?s={search_term_string}\"},\"query-input\":{\"@type\":\"PropertyValueSpecification\",\"valueRequired\":true,\"valueName\":\"search_term_string\"}}],\"inLanguage\":\"sr-RS\"},{\"@type\":\"Organization\",\"@id\":\"https:\\\/\\\/resfoundation.org\\\/rs\\\/#organization\",\"name\":\"RES fondacija\",\"url\":\"https:\\\/\\\/resfoundation.org\\\/rs\\\/\",\"logo\":{\"@type\":\"ImageObject\",\"inLanguage\":\"sr-RS\",\"@id\":\"https:\\\/\\\/resfoundation.org\\\/rs\\\/#\\\/schema\\\/logo\\\/image\\\/\",\"url\":\"https:\\\/\\\/resfoundation.org\\\/rs\\\/wp-content\\\/uploads\\\/2021\\\/03\\\/cropped-cropped-cropped-res-bez-ispisa.png\",\"contentUrl\":\"https:\\\/\\\/resfoundation.org\\\/rs\\\/wp-content\\\/uploads\\\/2021\\\/03\\\/cropped-cropped-cropped-res-bez-ispisa.png\",\"width\":512,\"height\":512,\"caption\":\"RES fondacija\"},\"image\":{\"@id\":\"https:\\\/\\\/resfoundation.org\\\/rs\\\/#\\\/schema\\\/logo\\\/image\\\/\"}}]}<\/script>\n<!-- \/ Yoast SEO plugin. -->","yoast_head_json":{"title":"Energetski menad\u017ement - RES fondacija","robots":{"index":"index","follow":"follow","max-snippet":"max-snippet:-1","max-image-preview":"max-image-preview:large","max-video-preview":"max-video-preview:-1"},"canonical":"https:\/\/resfoundation.org\/rs\/energetski-menadzment\/","og_locale":"sr_RS","og_type":"article","og_title":"Energetski menad\u017ement - RES fondacija","og_description":"Energetski menad\u017ement za oblast op\u0161tinske energetike za oblast energetike zgrada (rent-a-menad\u017eer, izrada programa unapre\u0111enja energetske efikasnosti, akcionih planova, godi\u0161njih izve\u0161taja\u2026) Projektni menad\u017ement osmi\u0161ljavanje, razvoj i implementacija plana upravljanja projektom zavr\u0161etak projekta u okvirima planiranog vremena i sa predvi\u0111enim tro\u0161kovima","og_url":"https:\/\/resfoundation.org\/rs\/energetski-menadzment\/","og_site_name":"RES fondacija","article_modified_time":"2021-09-09T13:36:38+00:00","og_image":[{"url":"https:\/\/resfoundation.org\/rs\/wp-content\/uploads\/elementor\/thumbs\/energetski-menadzment-pcv2pgru7u1534cgziz8k2f0f3e93qq2k2l7vk6epw.jpg","type":"","width":"","height":""}],"twitter_card":"summary_large_image","schema":{"@context":"https:\/\/schema.org","@graph":[{"@type":"WebPage","@id":"https:\/\/resfoundation.org\/rs\/energetski-menadzment\/","url":"https:\/\/resfoundation.org\/rs\/energetski-menadzment\/","name":"Energetski menad\u017ement - RES fondacija","isPartOf":{"@id":"https:\/\/resfoundation.org\/rs\/#website"},"primaryImageOfPage":{"@id":"https:\/\/resfoundation.org\/rs\/energetski-menadzment\/#primaryimage"},"image":{"@id":"https:\/\/resfoundation.org\/rs\/energetski-menadzment\/#primaryimage"},"thumbnailUrl":"https:\/\/resfoundation.org\/rs\/wp-content\/uploads\/elementor\/thumbs\/energetski-menadzment-pcv2pgru7u1534cgziz8k2f0f3e93qq2k2l7vk6epw.jpg","datePublished":"2021-09-09T13:36:14+00:00","dateModified":"2021-09-09T13:36:38+00:00","breadcrumb":{"@id":"https:\/\/resfoundation.org\/rs\/energetski-menadzment\/#breadcrumb"},"inLanguage":"sr-RS","potentialAction":[{"@type":"ReadAction","target":["https:\/\/resfoundation.org\/rs\/energetski-menadzment\/"]}]},{"@type":"ImageObject","inLanguage":"sr-RS","@id":"https:\/\/resfoundation.org\/rs\/energetski-menadzment\/#primaryimage","url":"https:\/\/resfoundation.org\/rs\/wp-content\/uploads\/elementor\/thumbs\/energetski-menadzment-pcv2pgru7u1534cgziz8k2f0f3e93qq2k2l7vk6epw.jpg","contentUrl":"https:\/\/resfoundation.org\/rs\/wp-content\/uploads\/elementor\/thumbs\/energetski-menadzment-pcv2pgru7u1534cgziz8k2f0f3e93qq2k2l7vk6epw.jpg"},{"@type":"BreadcrumbList","@id":"https:\/\/resfoundation.org\/rs\/energetski-menadzment\/#breadcrumb","itemListElement":[{"@type":"ListItem","position":1,"name":"\u041f\u043e\u0447\u0435\u0442\u043d\u0430","item":"https:\/\/resfoundation.org\/rs\/"},{"@type":"ListItem","position":2,"name":"Energetski menad\u017ement"}]},{"@type":"WebSite","@id":"https:\/\/resfoundation.org\/rs\/#website","url":"https:\/\/resfoundation.org\/rs\/","name":"RES fondacija","description":"Partnerships for Resilience","publisher":{"@id":"https:\/\/resfoundation.org\/rs\/#organization"},"potentialAction":[{"@type":"SearchAction","target":{"@type":"EntryPoint","urlTemplate":"https:\/\/resfoundation.org\/rs\/?s={search_term_string}"},"query-input":{"@type":"PropertyValueSpecification","valueRequired":true,"valueName":"search_term_string"}}],"inLanguage":"sr-RS"},{"@type":"Organization","@id":"https:\/\/resfoundation.org\/rs\/#organization","name":"RES fondacija","url":"https:\/\/resfoundation.org\/rs\/","logo":{"@type":"ImageObject","inLanguage":"sr-RS","@id":"https:\/\/resfoundation.org\/rs\/#\/schema\/logo\/image\/","url":"https:\/\/resfoundation.org\/rs\/wp-content\/uploads\/2021\/03\/cropped-cropped-cropped-res-bez-ispisa.png","contentUrl":"https:\/\/resfoundation.org\/rs\/wp-content\/uploads\/2021\/03\/cropped-cropped-cropped-res-bez-ispisa.png","width":512,"height":512,"caption":"RES fondacija"},"image":{"@id":"https:\/\/resfoundation.org\/rs\/#\/schema\/logo\/image\/"}}]}},"_links":{"self":[{"href":"https:\/\/resfoundation.org\/rs\/wp-json\/wp\/v2\/pages\/2490","targetHints":{"allow":["GET"]}}],"collection":[{"href":"https:\/\/resfoundation.org\/rs\/wp-json\/wp\/v2\/pages"}],"about":[{"href":"https:\/\/resfoundation.org\/rs\/wp-json\/wp\/v2\/types\/page"}],"author":[{"embeddable":true,"href":"https:\/\/resfoundation.org\/rs\/wp-json\/wp\/v2\/users\/3"}],"replies":[{"embeddable":true,"href":"https:\/\/resfoundation.org\/rs\/wp-json\/wp\/v2\/comments?post=2490"}],"version-history":[{"count":4,"href":"https:\/\/resfoundation.org\/rs\/wp-json\/wp\/v2\/pages\/2490\/revisions"}],"predecessor-version":[{"id":2496,"href":"https:\/\/resfoundation.org\/rs\/wp-json\/wp\/v2\/pages\/2490\/revisions\/2496"}],"wp:attachment":[{"href":"https:\/\/resfoundation.org\/rs\/wp-json\/wp\/v2\/media?parent=2490"}],"curies":[{"name":"wp","href":"https:\/\/api.w.org\/{rel}","templated":true}]}}