{"id":2497,"date":"2021-09-09T13:39:52","date_gmt":"2021-09-09T13:39:52","guid":{"rendered":"https:\/\/resfoundation.org\/rs\/?page_id=2497"},"modified":"2021-09-09T13:44:15","modified_gmt":"2021-09-09T13:44:15","slug":"izrada-planske-dokumentacije","status":"publish","type":"page","link":"https:\/\/resfoundation.org\/rs\/izrada-planske-dokumentacije\/","title":{"rendered":"Izrada planske dokumentacije"},"content":{"rendered":"\t\t<div data-elementor-type=\"wp-page\" data-elementor-id=\"2497\" class=\"elementor elementor-2497\">\n\t\t\t\t\t\t<section class=\"elementor-section elementor-top-section elementor-element elementor-element-d61469f elementor-section-full_width elementor-section-height-default elementor-section-height-default\" data-id=\"d61469f\" data-element_type=\"section\" data-e-type=\"section\" data-settings=\"{&quot;background_background&quot;:&quot;classic&quot;}\">\n\t\t\t\t\t\t<div class=\"elementor-container elementor-column-gap-default\">\n\t\t\t\t\t<div class=\"elementor-column elementor-col-100 elementor-top-column elementor-element elementor-element-b2c30d0\" data-id=\"b2c30d0\" data-element_type=\"column\" data-e-type=\"column\">\n\t\t\t<div class=\"elementor-widget-wrap elementor-element-populated\">\n\t\t\t\t\t\t<section class=\"elementor-section elementor-inner-section elementor-element elementor-element-2de7849 elementor-section-boxed elementor-section-height-default elementor-section-height-default\" data-id=\"2de7849\" data-element_type=\"section\" data-e-type=\"section\">\n\t\t\t\t\t\t<div class=\"elementor-container elementor-column-gap-default\">\n\t\t\t\t\t<div class=\"elementor-column elementor-col-50 elementor-inner-column elementor-element elementor-element-405ccbb\" data-id=\"405ccbb\" data-element_type=\"column\" data-e-type=\"column\">\n\t\t\t<div class=\"elementor-widget-wrap elementor-element-populated\">\n\t\t\t\t\t\t<div class=\"elementor-element elementor-element-cc63874 elementor-widget elementor-widget-image\" data-id=\"cc63874\" data-element_type=\"widget\" data-e-type=\"widget\" data-widget_type=\"image.default\">\n\t\t\t\t<div class=\"elementor-widget-container\">\n\t\t\t\t\t\t\t\t\t\t\t\t\t\t\t<img fetchpriority=\"high\" decoding=\"async\" width=\"640\" height=\"426\" src=\"https:\/\/resfoundation.org\/rs\/wp-content\/uploads\/2021\/09\/plan.jpg\" class=\"attachment-medium_large size-medium_large wp-image-2499\" alt=\"plan\" srcset=\"https:\/\/resfoundation.org\/rs\/wp-content\/uploads\/2021\/09\/plan.jpg 640w, https:\/\/resfoundation.org\/rs\/wp-content\/uploads\/2021\/09\/plan-300x200.jpg 300w\" sizes=\"(max-width: 640px) 100vw, 640px\" \/>\t\t\t\t\t\t\t\t\t\t\t\t\t\t\t<\/div>\n\t\t\t\t<\/div>\n\t\t\t\t\t<\/div>\n\t\t<\/div>\n\t\t\t\t<div class=\"elementor-column elementor-col-50 elementor-inner-column elementor-element elementor-element-256ffd5\" data-id=\"256ffd5\" data-element_type=\"column\" data-e-type=\"column\">\n\t\t\t<div class=\"elementor-widget-wrap elementor-element-populated\">\n\t\t\t\t\t\t<div class=\"elementor-element elementor-element-2a6f1f8 elementor-widget elementor-widget-heading\" data-id=\"2a6f1f8\" data-element_type=\"widget\" data-e-type=\"widget\" data-widget_type=\"heading.default\">\n\t\t\t\t<div class=\"elementor-widget-container\">\n\t\t\t\t\t<h2 class=\"elementor-heading-title elementor-size-default\">Izrada planske dokumentacije<\/h2>\t\t\t\t<\/div>\n\t\t\t\t<\/div>\n\t\t\t\t<div class=\"elementor-element elementor-element-c404f79 elementor-icon-list--layout-traditional elementor-list-item-link-full_width elementor-widget elementor-widget-icon-list\" data-id=\"c404f79\" data-element_type=\"widget\" data-e-type=\"widget\" data-widget_type=\"icon-list.default\">\n\t\t\t\t<div class=\"elementor-widget-container\">\n\t\t\t\t\t\t\t<ul class=\"elementor-icon-list-items\">\n\t\t\t\t\t\t\t<li class=\"elementor-icon-list-item\">\n\t\t\t\t\t\t\t\t\t\t\t<span class=\"elementor-icon-list-icon\">\n\t\t\t\t\t\t\t<i aria-hidden=\"true\" class=\"fas fa-dot-circle\"><\/i>\t\t\t\t\t\t<\/span>\n\t\t\t\t\t\t\t\t\t\t<span class=\"elementor-icon-list-text\">SECAP akcioni plan odr\u017eivog upravljanja energijom i prilago\u0111avanje klimatskim promenama<\/span>\n\t\t\t\t\t\t\t\t\t<\/li>\n\t\t\t\t\t\t\t\t<li class=\"elementor-icon-list-item\">\n\t\t\t\t\t\t\t\t\t\t\t<span class=\"elementor-icon-list-icon\">\n\t\t\t\t\t\t\t<i aria-hidden=\"true\" class=\"fas fa-dot-circle\"><\/i>\t\t\t\t\t\t<\/span>\n\t\t\t\t\t\t\t\t\t\t<span class=\"elementor-icon-list-text\">plan razvoja lokalnih samouprava<\/span>\n\t\t\t\t\t\t\t\t\t<\/li>\n\t\t\t\t\t\t<\/ul>\n\t\t\t\t\t\t<\/div>\n\t\t\t\t<\/div>\n\t\t\t\t\t<\/div>\n\t\t<\/div>\n\t\t\t\t\t<\/div>\n\t\t<\/section>\n\t\t\t\t\t<\/div>\n\t\t<\/div>\n\t\t\t\t\t<\/div>\n\t\t<\/section>\n\t\t\t\t<section class=\"elementor-section elementor-top-section elementor-element elementor-element-dfc05cf elementor-section-boxed elementor-section-height-default elementor-section-height-default\" data-id=\"dfc05cf\" data-element_type=\"section\" data-e-type=\"section\">\n\t\t\t\t\t\t<div class=\"elementor-container elementor-column-gap-default\">\n\t\t\t\t\t<div class=\"elementor-column elementor-col-100 elementor-top-column elementor-element elementor-element-cc779ee\" data-id=\"cc779ee\" data-element_type=\"column\" data-e-type=\"column\">\n\t\t\t<div class=\"elementor-widget-wrap elementor-element-populated\">\n\t\t\t\t\t\t\t<\/div>\n\t\t<\/div>\n\t\t\t\t\t<\/div>\n\t\t<\/section>\n\t\t\t\t<section class=\"elementor-section elementor-top-section elementor-element elementor-element-c4e32c9 elementor-section-full_width elementor-section-height-default elementor-section-height-default\" data-id=\"c4e32c9\" data-element_type=\"section\" data-e-type=\"section\" data-settings=\"{&quot;background_background&quot;:&quot;classic&quot;}\">\n\t\t\t\t\t\t<div class=\"elementor-container elementor-column-gap-default\">\n\t\t\t\t\t<div class=\"elementor-column elementor-col-100 elementor-top-column elementor-element elementor-element-8d64176\" data-id=\"8d64176\" data-element_type=\"column\" data-e-type=\"column\">\n\t\t\t<div class=\"elementor-widget-wrap elementor-element-populated\">\n\t\t\t\t\t\t<section class=\"elementor-section elementor-inner-section elementor-element elementor-element-1f7e3ca elementor-section-boxed elementor-section-height-default elementor-section-height-default\" data-id=\"1f7e3ca\" data-element_type=\"section\" data-e-type=\"section\">\n\t\t\t\t\t\t<div class=\"elementor-container elementor-column-gap-default\">\n\t\t\t\t\t<div class=\"elementor-column elementor-col-50 elementor-inner-column elementor-element elementor-element-fcaac0d\" data-id=\"fcaac0d\" data-element_type=\"column\" data-e-type=\"column\">\n\t\t\t<div class=\"elementor-widget-wrap elementor-element-populated\">\n\t\t\t\t\t\t<div class=\"elementor-element elementor-element-51a47d6 elementor-widget elementor-widget-image\" data-id=\"51a47d6\" data-element_type=\"widget\" data-e-type=\"widget\" data-widget_type=\"image.default\">\n\t\t\t\t<div class=\"elementor-widget-container\">\n\t\t\t\t\t\t\t\t\t\t\t\t\t\t\t<img decoding=\"async\" width=\"442\" height=\"293\" src=\"https:\/\/resfoundation.org\/rs\/wp-content\/uploads\/2021\/09\/java_logo.jpg\" class=\"attachment-medium_large size-medium_large wp-image-2500\" alt=\"\" srcset=\"https:\/\/resfoundation.org\/rs\/wp-content\/uploads\/2021\/09\/java_logo.jpg 442w, https:\/\/resfoundation.org\/rs\/wp-content\/uploads\/2021\/09\/java_logo-300x199.jpg 300w\" sizes=\"(max-width: 442px) 100vw, 442px\" \/>\t\t\t\t\t\t\t\t\t\t\t\t\t\t\t<\/div>\n\t\t\t\t<\/div>\n\t\t\t\t\t<\/div>\n\t\t<\/div>\n\t\t\t\t<div class=\"elementor-column elementor-col-50 elementor-inner-column elementor-element elementor-element-d2c8fcf\" data-id=\"d2c8fcf\" data-element_type=\"column\" data-e-type=\"column\">\n\t\t\t<div class=\"elementor-widget-wrap elementor-element-populated\">\n\t\t\t\t\t\t<div class=\"elementor-element elementor-element-fdb33ef elementor-widget elementor-widget-heading\" data-id=\"fdb33ef\" data-element_type=\"widget\" data-e-type=\"widget\" data-widget_type=\"heading.default\">\n\t\t\t\t<div class=\"elementor-widget-container\">\n\t\t\t\t\t<h2 class=\"elementor-heading-title elementor-size-default\">Izrada namenskih aplikacija kori\u0161\u0107enjem najsavremenijih IT tehnologija <\/h2>\t\t\t\t<\/div>\n\t\t\t\t<\/div>\n\t\t\t\t<div class=\"elementor-element elementor-element-8ec97b4 elementor-icon-list--layout-traditional elementor-list-item-link-full_width elementor-widget elementor-widget-icon-list\" data-id=\"8ec97b4\" data-element_type=\"widget\" data-e-type=\"widget\" data-widget_type=\"icon-list.default\">\n\t\t\t\t<div class=\"elementor-widget-container\">\n\t\t\t\t\t\t\t<ul class=\"elementor-icon-list-items\">\n\t\t\t\t\t\t\t<li class=\"elementor-icon-list-item\">\n\t\t\t\t\t\t\t\t\t\t\t<span class=\"elementor-icon-list-icon\">\n\t\t\t\t\t\t\t<i aria-hidden=\"true\" class=\"fas fa-dot-circle\"><\/i>\t\t\t\t\t\t<\/span>\n\t\t\t\t\t\t\t\t\t\t<span class=\"elementor-icon-list-text\">razvoj aplikacija u kojima je energetska efikasnost primarna <span data-elementor-setting-key=\"icon_list.0.text\" data-pen-placeholder=\"Type Here...\">(Java, Angular, JavaScript, React JS, MySQL...)<\/span><\/span>\n\t\t\t\t\t\t\t\t\t<\/li>\n\t\t\t\t\t\t<\/ul>\n\t\t\t\t\t\t<\/div>\n\t\t\t\t<\/div>\n\t\t\t\t\t<\/div>\n\t\t<\/div>\n\t\t\t\t\t<\/div>\n\t\t<\/section>\n\t\t\t\t\t<\/div>\n\t\t<\/div>\n\t\t\t\t\t<\/div>\n\t\t<\/section>\n\t\t\t\t<\/div>\n\t\t","protected":false},"excerpt":{"rendered":"<p>Izrada planske dokumentacije SECAP akcioni plan odr\u017eivog upravljanja energijom i prilago\u0111avanje klimatskim promenama plan razvoja lokalnih samouprava Izrada namenskih aplikacija kori\u0161\u0107enjem najsavremenijih IT tehnologija razvoj aplikacija u kojima je energetska efikasnost primarna (Java, Angular, JavaScript, React JS, MySQL&#8230;)<\/p>\n","protected":false},"author":3,"featured_media":0,"parent":0,"menu_order":0,"comment_status":"closed","ping_status":"closed","template":"","meta":{"footnotes":""},"class_list":["post-2497","page","type-page","status-publish","hentry"],"yoast_head":"<!-- This site is optimized with the Yoast SEO plugin v27.2 - https:\/\/yoast.com\/product\/yoast-seo-wordpress\/ -->\n<title>Izrada planske dokumentacije - RES fondacija<\/title>\n<meta name=\"robots\" content=\"index, follow, max-snippet:-1, max-image-preview:large, max-video-preview:-1\" \/>\n<link rel=\"canonical\" href=\"https:\/\/resfoundation.org\/rs\/izrada-planske-dokumentacije\/\" \/>\n<meta property=\"og:locale\" content=\"sr_RS\" \/>\n<meta property=\"og:type\" content=\"article\" \/>\n<meta property=\"og:title\" content=\"Izrada planske dokumentacije - RES fondacija\" \/>\n<meta property=\"og:description\" content=\"Izrada planske dokumentacije SECAP akcioni plan odr\u017eivog upravljanja energijom i prilago\u0111avanje klimatskim promenama plan razvoja lokalnih samouprava Izrada namenskih aplikacija kori\u0161\u0107enjem najsavremenijih IT tehnologija razvoj aplikacija u kojima je energetska efikasnost primarna (Java, Angular, JavaScript, React JS, MySQL&#8230;)\" \/>\n<meta property=\"og:url\" content=\"https:\/\/resfoundation.org\/rs\/izrada-planske-dokumentacije\/\" \/>\n<meta property=\"og:site_name\" content=\"RES fondacija\" \/>\n<meta property=\"article:modified_time\" content=\"2021-09-09T13:44:15+00:00\" \/>\n<meta property=\"og:image\" content=\"https:\/\/resfoundation.org\/rs\/wp-content\/uploads\/2021\/09\/plan.jpg\" \/>\n<meta name=\"twitter:card\" content=\"summary_large_image\" \/>\n<script type=\"application\/ld+json\" class=\"yoast-schema-graph\">{\"@context\":\"https:\/\/schema.org\",\"@graph\":[{\"@type\":\"WebPage\",\"@id\":\"https:\/\/resfoundation.org\/rs\/izrada-planske-dokumentacije\/\",\"url\":\"https:\/\/resfoundation.org\/rs\/izrada-planske-dokumentacije\/\",\"name\":\"Izrada planske dokumentacije - RES fondacija\",\"isPartOf\":{\"@id\":\"https:\/\/resfoundation.org\/rs\/#website\"},\"primaryImageOfPage\":{\"@id\":\"https:\/\/resfoundation.org\/rs\/izrada-planske-dokumentacije\/#primaryimage\"},\"image\":{\"@id\":\"https:\/\/resfoundation.org\/rs\/izrada-planske-dokumentacije\/#primaryimage\"},\"thumbnailUrl\":\"https:\/\/resfoundation.org\/rs\/wp-content\/uploads\/2021\/09\/plan.jpg\",\"datePublished\":\"2021-09-09T13:39:52+00:00\",\"dateModified\":\"2021-09-09T13:44:15+00:00\",\"breadcrumb\":{\"@id\":\"https:\/\/resfoundation.org\/rs\/izrada-planske-dokumentacije\/#breadcrumb\"},\"inLanguage\":\"sr-RS\",\"potentialAction\":[{\"@type\":\"ReadAction\",\"target\":[\"https:\/\/resfoundation.org\/rs\/izrada-planske-dokumentacije\/\"]}]},{\"@type\":\"ImageObject\",\"inLanguage\":\"sr-RS\",\"@id\":\"https:\/\/resfoundation.org\/rs\/izrada-planske-dokumentacije\/#primaryimage\",\"url\":\"https:\/\/resfoundation.org\/rs\/wp-content\/uploads\/2021\/09\/plan.jpg\",\"contentUrl\":\"https:\/\/resfoundation.org\/rs\/wp-content\/uploads\/2021\/09\/plan.jpg\",\"width\":640,\"height\":426,\"caption\":\"plan\"},{\"@type\":\"BreadcrumbList\",\"@id\":\"https:\/\/resfoundation.org\/rs\/izrada-planske-dokumentacije\/#breadcrumb\",\"itemListElement\":[{\"@type\":\"ListItem\",\"position\":1,\"name\":\"\u041f\u043e\u0447\u0435\u0442\u043d\u0430\",\"item\":\"https:\/\/resfoundation.org\/rs\/\"},{\"@type\":\"ListItem\",\"position\":2,\"name\":\"Izrada planske dokumentacije\"}]},{\"@type\":\"WebSite\",\"@id\":\"https:\/\/resfoundation.org\/rs\/#website\",\"url\":\"https:\/\/resfoundation.org\/rs\/\",\"name\":\"RES fondacija\",\"description\":\"Partnerships for Resilience\",\"publisher\":{\"@id\":\"https:\/\/resfoundation.org\/rs\/#organization\"},\"potentialAction\":[{\"@type\":\"SearchAction\",\"target\":{\"@type\":\"EntryPoint\",\"urlTemplate\":\"https:\/\/resfoundation.org\/rs\/?s={search_term_string}\"},\"query-input\":{\"@type\":\"PropertyValueSpecification\",\"valueRequired\":true,\"valueName\":\"search_term_string\"}}],\"inLanguage\":\"sr-RS\"},{\"@type\":\"Organization\",\"@id\":\"https:\/\/resfoundation.org\/rs\/#organization\",\"name\":\"RES fondacija\",\"url\":\"https:\/\/resfoundation.org\/rs\/\",\"logo\":{\"@type\":\"ImageObject\",\"inLanguage\":\"sr-RS\",\"@id\":\"https:\/\/resfoundation.org\/rs\/#\/schema\/logo\/image\/\",\"url\":\"https:\/\/resfoundation.org\/rs\/wp-content\/uploads\/2021\/03\/cropped-cropped-cropped-res-bez-ispisa.png\",\"contentUrl\":\"https:\/\/resfoundation.org\/rs\/wp-content\/uploads\/2021\/03\/cropped-cropped-cropped-res-bez-ispisa.png\",\"width\":512,\"height\":512,\"caption\":\"RES fondacija\"},\"image\":{\"@id\":\"https:\/\/resfoundation.org\/rs\/#\/schema\/logo\/image\/\"}}]}<\/script>\n<!-- \/ Yoast SEO plugin. -->","yoast_head_json":{"title":"Izrada planske dokumentacije - RES fondacija","robots":{"index":"index","follow":"follow","max-snippet":"max-snippet:-1","max-image-preview":"max-image-preview:large","max-video-preview":"max-video-preview:-1"},"canonical":"https:\/\/resfoundation.org\/rs\/izrada-planske-dokumentacije\/","og_locale":"sr_RS","og_type":"article","og_title":"Izrada planske dokumentacije - RES fondacija","og_description":"Izrada planske dokumentacije SECAP akcioni plan odr\u017eivog upravljanja energijom i prilago\u0111avanje klimatskim promenama plan razvoja lokalnih samouprava Izrada namenskih aplikacija kori\u0161\u0107enjem najsavremenijih IT tehnologija razvoj aplikacija u kojima je energetska efikasnost primarna (Java, Angular, JavaScript, React JS, MySQL&#8230;)","og_url":"https:\/\/resfoundation.org\/rs\/izrada-planske-dokumentacije\/","og_site_name":"RES fondacija","article_modified_time":"2021-09-09T13:44:15+00:00","og_image":[{"url":"https:\/\/resfoundation.org\/rs\/wp-content\/uploads\/2021\/09\/plan.jpg","type":"","width":"","height":""}],"twitter_card":"summary_large_image","schema":{"@context":"https:\/\/schema.org","@graph":[{"@type":"WebPage","@id":"https:\/\/resfoundation.org\/rs\/izrada-planske-dokumentacije\/","url":"https:\/\/resfoundation.org\/rs\/izrada-planske-dokumentacije\/","name":"Izrada planske dokumentacije - RES fondacija","isPartOf":{"@id":"https:\/\/resfoundation.org\/rs\/#website"},"primaryImageOfPage":{"@id":"https:\/\/resfoundation.org\/rs\/izrada-planske-dokumentacije\/#primaryimage"},"image":{"@id":"https:\/\/resfoundation.org\/rs\/izrada-planske-dokumentacije\/#primaryimage"},"thumbnailUrl":"https:\/\/resfoundation.org\/rs\/wp-content\/uploads\/2021\/09\/plan.jpg","datePublished":"2021-09-09T13:39:52+00:00","dateModified":"2021-09-09T13:44:15+00:00","breadcrumb":{"@id":"https:\/\/resfoundation.org\/rs\/izrada-planske-dokumentacije\/#breadcrumb"},"inLanguage":"sr-RS","potentialAction":[{"@type":"ReadAction","target":["https:\/\/resfoundation.org\/rs\/izrada-planske-dokumentacije\/"]}]},{"@type":"ImageObject","inLanguage":"sr-RS","@id":"https:\/\/resfoundation.org\/rs\/izrada-planske-dokumentacije\/#primaryimage","url":"https:\/\/resfoundation.org\/rs\/wp-content\/uploads\/2021\/09\/plan.jpg","contentUrl":"https:\/\/resfoundation.org\/rs\/wp-content\/uploads\/2021\/09\/plan.jpg","width":640,"height":426,"caption":"plan"},{"@type":"BreadcrumbList","@id":"https:\/\/resfoundation.org\/rs\/izrada-planske-dokumentacije\/#breadcrumb","itemListElement":[{"@type":"ListItem","position":1,"name":"\u041f\u043e\u0447\u0435\u0442\u043d\u0430","item":"https:\/\/resfoundation.org\/rs\/"},{"@type":"ListItem","position":2,"name":"Izrada planske dokumentacije"}]},{"@type":"WebSite","@id":"https:\/\/resfoundation.org\/rs\/#website","url":"https:\/\/resfoundation.org\/rs\/","name":"RES fondacija","description":"Partnerships for Resilience","publisher":{"@id":"https:\/\/resfoundation.org\/rs\/#organization"},"potentialAction":[{"@type":"SearchAction","target":{"@type":"EntryPoint","urlTemplate":"https:\/\/resfoundation.org\/rs\/?s={search_term_string}"},"query-input":{"@type":"PropertyValueSpecification","valueRequired":true,"valueName":"search_term_string"}}],"inLanguage":"sr-RS"},{"@type":"Organization","@id":"https:\/\/resfoundation.org\/rs\/#organization","name":"RES fondacija","url":"https:\/\/resfoundation.org\/rs\/","logo":{"@type":"ImageObject","inLanguage":"sr-RS","@id":"https:\/\/resfoundation.org\/rs\/#\/schema\/logo\/image\/","url":"https:\/\/resfoundation.org\/rs\/wp-content\/uploads\/2021\/03\/cropped-cropped-cropped-res-bez-ispisa.png","contentUrl":"https:\/\/resfoundation.org\/rs\/wp-content\/uploads\/2021\/03\/cropped-cropped-cropped-res-bez-ispisa.png","width":512,"height":512,"caption":"RES fondacija"},"image":{"@id":"https:\/\/resfoundation.org\/rs\/#\/schema\/logo\/image\/"}}]}},"_links":{"self":[{"href":"https:\/\/resfoundation.org\/rs\/wp-json\/wp\/v2\/pages\/2497","targetHints":{"allow":["GET"]}}],"collection":[{"href":"https:\/\/resfoundation.org\/rs\/wp-json\/wp\/v2\/pages"}],"about":[{"href":"https:\/\/resfoundation.org\/rs\/wp-json\/wp\/v2\/types\/page"}],"author":[{"embeddable":true,"href":"https:\/\/resfoundation.org\/rs\/wp-json\/wp\/v2\/users\/3"}],"replies":[{"embeddable":true,"href":"https:\/\/resfoundation.org\/rs\/wp-json\/wp\/v2\/comments?post=2497"}],"version-history":[{"count":4,"href":"https:\/\/resfoundation.org\/rs\/wp-json\/wp\/v2\/pages\/2497\/revisions"}],"predecessor-version":[{"id":2503,"href":"https:\/\/resfoundation.org\/rs\/wp-json\/wp\/v2\/pages\/2497\/revisions\/2503"}],"wp:attachment":[{"href":"https:\/\/resfoundation.org\/rs\/wp-json\/wp\/v2\/media?parent=2497"}],"curies":[{"name":"wp","href":"https:\/\/api.w.org\/{rel}","templated":true}]}}