{"id":48,"date":"2021-03-12T23:34:54","date_gmt":"2021-03-12T23:34:54","guid":{"rendered":"https:\/\/resfoundation.org\/rs\/?page_id=48"},"modified":"2021-10-25T11:46:25","modified_gmt":"2021-10-25T11:46:25","slug":"cime-se-bavimo","status":"publish","type":"page","link":"https:\/\/resfoundation.org\/rs\/cime-se-bavimo\/","title":{"rendered":"\u010cime se bavimo?"},"content":{"rendered":"\n<p>RES fondacija prikuplja, analizira i distribuira znanje za kreiranje javnih politika zasnovanih na dokazima u oblasti energetike i klimatskih promena, prvenstveno u Srbiji, na Zapadnom Balkanu i jugoisto\u010dnoj Evropi.<\/p>\n\n\n\n<p>Zaga\u0111enje vazduha, energetsko siroma\u0161tvo i trenutnu klimatsku krizu shvatamo kao simptome zavisnosti od fosilnih goriva, neefikasne proizvodnje, distribucije i upotrebe energije.<\/p>\n\n\n\n<p>Radimo na tome da anga\u017eujemo, pomognemo i usmerimo partnere iz centralnih i lokalnih vlasti, poslovnog sektora i civilnog dru\u0161tva ka brzoj i pravednoj energetskoj tranziciji na obnovljive izvore energije i energetsku efikasnost na na\u010din koji osigurava da niko ne bude izostavljen i ne ostane bez karte za zajedni\u010dku evropsku, klimatski neutralnu budu\u0107nost.<\/p>\n\n\n\n<figure class=\"wp-block-image size-large is-style-default\"><img fetchpriority=\"high\" decoding=\"async\" width=\"1024\" height=\"196\" src=\"https:\/\/resfoundation.org\/rs\/wp-content\/uploads\/2021\/03\/Screenshot-9-1024x196.png\" alt=\"\" class=\"wp-image-1766\" srcset=\"https:\/\/resfoundation.org\/rs\/wp-content\/uploads\/2021\/03\/Screenshot-9-1024x196.png 1024w, https:\/\/resfoundation.org\/rs\/wp-content\/uploads\/2021\/03\/Screenshot-9-300x57.png 300w, https:\/\/resfoundation.org\/rs\/wp-content\/uploads\/2021\/03\/Screenshot-9-768x147.png 768w, https:\/\/resfoundation.org\/rs\/wp-content\/uploads\/2021\/03\/Screenshot-9-1536x294.png 1536w, https:\/\/resfoundation.org\/rs\/wp-content\/uploads\/2021\/03\/Screenshot-9.png 1655w\" sizes=\"(max-width: 1024px) 100vw, 1024px\" \/><\/figure>\n\n\n\n<p><\/p>\n","protected":false},"excerpt":{"rendered":"<p>RES fondacija prikuplja, analizira i distribuira znanje za kreiranje javnih politika zasnovanih na dokazima u oblasti energetike i klimatskih promena, prvenstveno u Srbiji, na Zapadnom Balkanu i jugoisto\u010dnoj Evropi. Zaga\u0111enje vazduha, energetsko siroma\u0161tvo i trenutnu klimatsku krizu shvatamo kao simptome zavisnosti od fosilnih goriva, neefikasne proizvodnje, distribucije i upotrebe energije. Radimo na tome da anga\u017eujemo, [&hellip;]<\/p>\n","protected":false},"author":3,"featured_media":0,"parent":0,"menu_order":0,"comment_status":"closed","ping_status":"closed","template":"","meta":{"footnotes":""},"class_list":["post-48","page","type-page","status-publish","hentry"],"yoast_head":"<!-- This site is optimized with the Yoast SEO plugin v27.2 - https:\/\/yoast.com\/product\/yoast-seo-wordpress\/ -->\n<title>\u010cime se bavimo? - RES fondacija<\/title>\n<meta name=\"robots\" content=\"index, follow, max-snippet:-1, max-image-preview:large, max-video-preview:-1\" \/>\n<link rel=\"canonical\" href=\"https:\/\/resfoundation.org\/rs\/cime-se-bavimo\/\" \/>\n<meta property=\"og:locale\" content=\"sr_RS\" \/>\n<meta property=\"og:type\" content=\"article\" \/>\n<meta property=\"og:title\" content=\"\u010cime se bavimo? - RES fondacija\" \/>\n<meta property=\"og:description\" content=\"RES fondacija prikuplja, analizira i distribuira znanje za kreiranje javnih politika zasnovanih na dokazima u oblasti energetike i klimatskih promena, prvenstveno u Srbiji, na Zapadnom Balkanu i jugoisto\u010dnoj Evropi. Zaga\u0111enje vazduha, energetsko siroma\u0161tvo i trenutnu klimatsku krizu shvatamo kao simptome zavisnosti od fosilnih goriva, neefikasne proizvodnje, distribucije i upotrebe energije. Radimo na tome da anga\u017eujemo, [&hellip;]\" \/>\n<meta property=\"og:url\" content=\"https:\/\/resfoundation.org\/rs\/cime-se-bavimo\/\" \/>\n<meta property=\"og:site_name\" content=\"RES fondacija\" \/>\n<meta property=\"article:modified_time\" content=\"2021-10-25T11:46:25+00:00\" \/>\n<meta property=\"og:image\" content=\"https:\/\/resfoundation.org\/rs\/wp-content\/uploads\/2021\/03\/Screenshot-9-1024x196.png\" \/>\n<meta name=\"twitter:card\" content=\"summary_large_image\" \/>\n<meta name=\"twitter:label1\" content=\"\u041f\u0440\u043e\u0446\u0435\u045a\u0435\u043d\u043e \u0432\u0440\u0435\u043c\u0435 \u0447\u0438\u0442\u0430\u045a\u0430\" \/>\n\t<meta name=\"twitter:data1\" content=\"1 \u043c\u0438\u043d\u0443\u0442\" \/>\n<script type=\"application\/ld+json\" class=\"yoast-schema-graph\">{\"@context\":\"https:\/\/schema.org\",\"@graph\":[{\"@type\":\"WebPage\",\"@id\":\"https:\/\/resfoundation.org\/rs\/cime-se-bavimo\/\",\"url\":\"https:\/\/resfoundation.org\/rs\/cime-se-bavimo\/\",\"name\":\"\u010cime se bavimo? - RES fondacija\",\"isPartOf\":{\"@id\":\"https:\/\/resfoundation.org\/rs\/#website\"},\"primaryImageOfPage\":{\"@id\":\"https:\/\/resfoundation.org\/rs\/cime-se-bavimo\/#primaryimage\"},\"image\":{\"@id\":\"https:\/\/resfoundation.org\/rs\/cime-se-bavimo\/#primaryimage\"},\"thumbnailUrl\":\"https:\/\/resfoundation.org\/rs\/wp-content\/uploads\/2021\/03\/Screenshot-9-1024x196.png\",\"datePublished\":\"2021-03-12T23:34:54+00:00\",\"dateModified\":\"2021-10-25T11:46:25+00:00\",\"breadcrumb\":{\"@id\":\"https:\/\/resfoundation.org\/rs\/cime-se-bavimo\/#breadcrumb\"},\"inLanguage\":\"sr-RS\",\"potentialAction\":[{\"@type\":\"ReadAction\",\"target\":[\"https:\/\/resfoundation.org\/rs\/cime-se-bavimo\/\"]}]},{\"@type\":\"ImageObject\",\"inLanguage\":\"sr-RS\",\"@id\":\"https:\/\/resfoundation.org\/rs\/cime-se-bavimo\/#primaryimage\",\"url\":\"https:\/\/resfoundation.org\/rs\/wp-content\/uploads\/2021\/03\/Screenshot-9.png\",\"contentUrl\":\"https:\/\/resfoundation.org\/rs\/wp-content\/uploads\/2021\/03\/Screenshot-9.png\",\"width\":1655,\"height\":317},{\"@type\":\"BreadcrumbList\",\"@id\":\"https:\/\/resfoundation.org\/rs\/cime-se-bavimo\/#breadcrumb\",\"itemListElement\":[{\"@type\":\"ListItem\",\"position\":1,\"name\":\"\u041f\u043e\u0447\u0435\u0442\u043d\u0430\",\"item\":\"https:\/\/resfoundation.org\/rs\/\"},{\"@type\":\"ListItem\",\"position\":2,\"name\":\"\u010cime se bavimo?\"}]},{\"@type\":\"WebSite\",\"@id\":\"https:\/\/resfoundation.org\/rs\/#website\",\"url\":\"https:\/\/resfoundation.org\/rs\/\",\"name\":\"RES fondacija\",\"description\":\"Partnerships for Resilience\",\"publisher\":{\"@id\":\"https:\/\/resfoundation.org\/rs\/#organization\"},\"potentialAction\":[{\"@type\":\"SearchAction\",\"target\":{\"@type\":\"EntryPoint\",\"urlTemplate\":\"https:\/\/resfoundation.org\/rs\/?s={search_term_string}\"},\"query-input\":{\"@type\":\"PropertyValueSpecification\",\"valueRequired\":true,\"valueName\":\"search_term_string\"}}],\"inLanguage\":\"sr-RS\"},{\"@type\":\"Organization\",\"@id\":\"https:\/\/resfoundation.org\/rs\/#organization\",\"name\":\"RES fondacija\",\"url\":\"https:\/\/resfoundation.org\/rs\/\",\"logo\":{\"@type\":\"ImageObject\",\"inLanguage\":\"sr-RS\",\"@id\":\"https:\/\/resfoundation.org\/rs\/#\/schema\/logo\/image\/\",\"url\":\"https:\/\/resfoundation.org\/rs\/wp-content\/uploads\/2021\/03\/cropped-cropped-cropped-res-bez-ispisa.png\",\"contentUrl\":\"https:\/\/resfoundation.org\/rs\/wp-content\/uploads\/2021\/03\/cropped-cropped-cropped-res-bez-ispisa.png\",\"width\":512,\"height\":512,\"caption\":\"RES fondacija\"},\"image\":{\"@id\":\"https:\/\/resfoundation.org\/rs\/#\/schema\/logo\/image\/\"}}]}<\/script>\n<!-- \/ Yoast SEO plugin. -->","yoast_head_json":{"title":"\u010cime se bavimo? - RES fondacija","robots":{"index":"index","follow":"follow","max-snippet":"max-snippet:-1","max-image-preview":"max-image-preview:large","max-video-preview":"max-video-preview:-1"},"canonical":"https:\/\/resfoundation.org\/rs\/cime-se-bavimo\/","og_locale":"sr_RS","og_type":"article","og_title":"\u010cime se bavimo? - RES fondacija","og_description":"RES fondacija prikuplja, analizira i distribuira znanje za kreiranje javnih politika zasnovanih na dokazima u oblasti energetike i klimatskih promena, prvenstveno u Srbiji, na Zapadnom Balkanu i jugoisto\u010dnoj Evropi. Zaga\u0111enje vazduha, energetsko siroma\u0161tvo i trenutnu klimatsku krizu shvatamo kao simptome zavisnosti od fosilnih goriva, neefikasne proizvodnje, distribucije i upotrebe energije. Radimo na tome da anga\u017eujemo, [&hellip;]","og_url":"https:\/\/resfoundation.org\/rs\/cime-se-bavimo\/","og_site_name":"RES fondacija","article_modified_time":"2021-10-25T11:46:25+00:00","og_image":[{"url":"https:\/\/resfoundation.org\/rs\/wp-content\/uploads\/2021\/03\/Screenshot-9-1024x196.png","type":"","width":"","height":""}],"twitter_card":"summary_large_image","twitter_misc":{"\u041f\u0440\u043e\u0446\u0435\u045a\u0435\u043d\u043e \u0432\u0440\u0435\u043c\u0435 \u0447\u0438\u0442\u0430\u045a\u0430":"1 \u043c\u0438\u043d\u0443\u0442"},"schema":{"@context":"https:\/\/schema.org","@graph":[{"@type":"WebPage","@id":"https:\/\/resfoundation.org\/rs\/cime-se-bavimo\/","url":"https:\/\/resfoundation.org\/rs\/cime-se-bavimo\/","name":"\u010cime se bavimo? - RES fondacija","isPartOf":{"@id":"https:\/\/resfoundation.org\/rs\/#website"},"primaryImageOfPage":{"@id":"https:\/\/resfoundation.org\/rs\/cime-se-bavimo\/#primaryimage"},"image":{"@id":"https:\/\/resfoundation.org\/rs\/cime-se-bavimo\/#primaryimage"},"thumbnailUrl":"https:\/\/resfoundation.org\/rs\/wp-content\/uploads\/2021\/03\/Screenshot-9-1024x196.png","datePublished":"2021-03-12T23:34:54+00:00","dateModified":"2021-10-25T11:46:25+00:00","breadcrumb":{"@id":"https:\/\/resfoundation.org\/rs\/cime-se-bavimo\/#breadcrumb"},"inLanguage":"sr-RS","potentialAction":[{"@type":"ReadAction","target":["https:\/\/resfoundation.org\/rs\/cime-se-bavimo\/"]}]},{"@type":"ImageObject","inLanguage":"sr-RS","@id":"https:\/\/resfoundation.org\/rs\/cime-se-bavimo\/#primaryimage","url":"https:\/\/resfoundation.org\/rs\/wp-content\/uploads\/2021\/03\/Screenshot-9.png","contentUrl":"https:\/\/resfoundation.org\/rs\/wp-content\/uploads\/2021\/03\/Screenshot-9.png","width":1655,"height":317},{"@type":"BreadcrumbList","@id":"https:\/\/resfoundation.org\/rs\/cime-se-bavimo\/#breadcrumb","itemListElement":[{"@type":"ListItem","position":1,"name":"\u041f\u043e\u0447\u0435\u0442\u043d\u0430","item":"https:\/\/resfoundation.org\/rs\/"},{"@type":"ListItem","position":2,"name":"\u010cime se bavimo?"}]},{"@type":"WebSite","@id":"https:\/\/resfoundation.org\/rs\/#website","url":"https:\/\/resfoundation.org\/rs\/","name":"RES fondacija","description":"Partnerships for Resilience","publisher":{"@id":"https:\/\/resfoundation.org\/rs\/#organization"},"potentialAction":[{"@type":"SearchAction","target":{"@type":"EntryPoint","urlTemplate":"https:\/\/resfoundation.org\/rs\/?s={search_term_string}"},"query-input":{"@type":"PropertyValueSpecification","valueRequired":true,"valueName":"search_term_string"}}],"inLanguage":"sr-RS"},{"@type":"Organization","@id":"https:\/\/resfoundation.org\/rs\/#organization","name":"RES fondacija","url":"https:\/\/resfoundation.org\/rs\/","logo":{"@type":"ImageObject","inLanguage":"sr-RS","@id":"https:\/\/resfoundation.org\/rs\/#\/schema\/logo\/image\/","url":"https:\/\/resfoundation.org\/rs\/wp-content\/uploads\/2021\/03\/cropped-cropped-cropped-res-bez-ispisa.png","contentUrl":"https:\/\/resfoundation.org\/rs\/wp-content\/uploads\/2021\/03\/cropped-cropped-cropped-res-bez-ispisa.png","width":512,"height":512,"caption":"RES fondacija"},"image":{"@id":"https:\/\/resfoundation.org\/rs\/#\/schema\/logo\/image\/"}}]}},"_links":{"self":[{"href":"https:\/\/resfoundation.org\/rs\/wp-json\/wp\/v2\/pages\/48","targetHints":{"allow":["GET"]}}],"collection":[{"href":"https:\/\/resfoundation.org\/rs\/wp-json\/wp\/v2\/pages"}],"about":[{"href":"https:\/\/resfoundation.org\/rs\/wp-json\/wp\/v2\/types\/page"}],"author":[{"embeddable":true,"href":"https:\/\/resfoundation.org\/rs\/wp-json\/wp\/v2\/users\/3"}],"replies":[{"embeddable":true,"href":"https:\/\/resfoundation.org\/rs\/wp-json\/wp\/v2\/comments?post=48"}],"version-history":[{"count":10,"href":"https:\/\/resfoundation.org\/rs\/wp-json\/wp\/v2\/pages\/48\/revisions"}],"predecessor-version":[{"id":2779,"href":"https:\/\/resfoundation.org\/rs\/wp-json\/wp\/v2\/pages\/48\/revisions\/2779"}],"wp:attachment":[{"href":"https:\/\/resfoundation.org\/rs\/wp-json\/wp\/v2\/media?parent=48"}],"curies":[{"name":"wp","href":"https:\/\/api.w.org\/{rel}","templated":true}]}}