{"id":49,"date":"2021-03-12T23:34:54","date_gmt":"2021-03-12T23:34:54","guid":{"rendered":"https:\/\/resfoundation.org\/rs\/?page_id=49"},"modified":"2021-09-08T11:34:01","modified_gmt":"2021-09-08T11:34:01","slug":"kako-radimo","status":"publish","type":"page","link":"https:\/\/resfoundation.org\/rs\/kako-radimo\/","title":{"rendered":"Na koji na\u010din radimo?"},"content":{"rendered":"\t\t<div data-elementor-type=\"wp-page\" data-elementor-id=\"49\" class=\"elementor elementor-49\">\n\t\t\t\t\t\t<section class=\"elementor-section elementor-top-section elementor-element elementor-element-395e79b elementor-section-boxed elementor-section-height-default elementor-section-height-default\" data-id=\"395e79b\" data-element_type=\"section\" data-e-type=\"section\">\n\t\t\t\t\t\t<div class=\"elementor-container elementor-column-gap-default\">\n\t\t\t\t\t<div class=\"elementor-column elementor-col-100 elementor-top-column elementor-element elementor-element-fb2883e\" data-id=\"fb2883e\" data-element_type=\"column\" data-e-type=\"column\">\n\t\t\t<div class=\"elementor-widget-wrap elementor-element-populated\">\n\t\t\t\t\t\t<div class=\"elementor-element elementor-element-af9552d elementor-widget elementor-widget-text-editor\" data-id=\"af9552d\" data-element_type=\"widget\" data-e-type=\"widget\" data-widget_type=\"text-editor.default\">\n\t\t\t\t<div class=\"elementor-widget-container\">\n\t\t\t\t\t\t\t\t\t<p>Stubovi svih aspekata na\u0161eg delovanja jesu:<\/p>\t\t\t\t\t\t\t\t<\/div>\n\t\t\t\t<\/div>\n\t\t\t\t\t<\/div>\n\t\t<\/div>\n\t\t\t\t\t<\/div>\n\t\t<\/section>\n\t\t\t\t<section class=\"elementor-section elementor-top-section elementor-element elementor-element-2b1388da elementor-section-boxed elementor-section-height-default elementor-section-height-default\" data-id=\"2b1388da\" data-element_type=\"section\" data-e-type=\"section\">\n\t\t\t\t\t\t<div class=\"elementor-container elementor-column-gap-default\">\n\t\t\t\t\t<div class=\"elementor-column elementor-col-100 elementor-top-column elementor-element elementor-element-51d45b05\" data-id=\"51d45b05\" data-element_type=\"column\" data-e-type=\"column\">\n\t\t\t<div class=\"elementor-widget-wrap elementor-element-populated\">\n\t\t\t\t\t\t<div class=\"elementor-element elementor-element-8e73162 elementor-icon-list--layout-traditional elementor-list-item-link-full_width elementor-widget elementor-widget-icon-list\" data-id=\"8e73162\" data-element_type=\"widget\" data-e-type=\"widget\" data-widget_type=\"icon-list.default\">\n\t\t\t\t<div class=\"elementor-widget-container\">\n\t\t\t\t\t\t\t<ul class=\"elementor-icon-list-items\">\n\t\t\t\t\t\t\t<li class=\"elementor-icon-list-item\">\n\t\t\t\t\t\t\t\t\t\t\t<span class=\"elementor-icon-list-icon\">\n\t\t\t\t\t\t\t<i aria-hidden=\"true\" class=\"fas fa-dot-circle\"><\/i>\t\t\t\t\t\t<\/span>\n\t\t\t\t\t\t\t\t\t\t<span class=\"elementor-icon-list-text\">Javno dobro<\/span>\n\t\t\t\t\t\t\t\t\t<\/li>\n\t\t\t\t\t\t\t\t<li class=\"elementor-icon-list-item\">\n\t\t\t\t\t\t\t\t\t\t\t<span class=\"elementor-icon-list-icon\">\n\t\t\t\t\t\t\t<i aria-hidden=\"true\" class=\"fas fa-dot-circle\"><\/i>\t\t\t\t\t\t<\/span>\n\t\t\t\t\t\t\t\t\t\t<span class=\"elementor-icon-list-text\">Javni interes<\/span>\n\t\t\t\t\t\t\t\t\t<\/li>\n\t\t\t\t\t\t\t\t<li class=\"elementor-icon-list-item\">\n\t\t\t\t\t\t\t\t\t\t\t<span class=\"elementor-icon-list-icon\">\n\t\t\t\t\t\t\t<i aria-hidden=\"true\" class=\"fas fa-dot-circle\"><\/i>\t\t\t\t\t\t<\/span>\n\t\t\t\t\t\t\t\t\t\t<span class=\"elementor-icon-list-text\">Partnerstvo<\/span>\n\t\t\t\t\t\t\t\t\t<\/li>\n\t\t\t\t\t\t\t\t<li class=\"elementor-icon-list-item\">\n\t\t\t\t\t\t\t\t\t\t\t<span class=\"elementor-icon-list-icon\">\n\t\t\t\t\t\t\t<i aria-hidden=\"true\" class=\"fas fa-dot-circle\"><\/i>\t\t\t\t\t\t<\/span>\n\t\t\t\t\t\t\t\t\t\t<span class=\"elementor-icon-list-text\">Odgovornost<\/span>\n\t\t\t\t\t\t\t\t\t<\/li>\n\t\t\t\t\t\t\t\t<li class=\"elementor-icon-list-item\">\n\t\t\t\t\t\t\t\t\t\t\t<span class=\"elementor-icon-list-icon\">\n\t\t\t\t\t\t\t<i aria-hidden=\"true\" class=\"fas fa-dot-circle\"><\/i>\t\t\t\t\t\t<\/span>\n\t\t\t\t\t\t\t\t\t\t<span class=\"elementor-icon-list-text\">Participacija<\/span>\n\t\t\t\t\t\t\t\t\t<\/li>\n\t\t\t\t\t\t\t\t<li class=\"elementor-icon-list-item\">\n\t\t\t\t\t\t\t\t\t\t\t<span class=\"elementor-icon-list-icon\">\n\t\t\t\t\t\t\t<i aria-hidden=\"true\" class=\"fas fa-dot-circle\"><\/i>\t\t\t\t\t\t<\/span>\n\t\t\t\t\t\t\t\t\t\t<span class=\"elementor-icon-list-text\">Odr\u017eivost<\/span>\n\t\t\t\t\t\t\t\t\t<\/li>\n\t\t\t\t\t\t\t\t<li class=\"elementor-icon-list-item\">\n\t\t\t\t\t\t\t\t\t\t\t<span class=\"elementor-icon-list-icon\">\n\t\t\t\t\t\t\t<i aria-hidden=\"true\" class=\"fas fa-dot-circle\"><\/i>\t\t\t\t\t\t<\/span>\n\t\t\t\t\t\t\t\t\t\t<span class=\"elementor-icon-list-text\">Dugoro\u010dna perspektiva<\/span>\n\t\t\t\t\t\t\t\t\t<\/li>\n\t\t\t\t\t\t\t\t<li class=\"elementor-icon-list-item\">\n\t\t\t\t\t\t\t\t\t\t\t<span class=\"elementor-icon-list-icon\">\n\t\t\t\t\t\t\t<i aria-hidden=\"true\" class=\"fas fa-dot-circle\"><\/i>\t\t\t\t\t\t<\/span>\n\t\t\t\t\t\t\t\t\t\t<span class=\"elementor-icon-list-text\">Rodna ravnopravnost i mejnstriming<\/span>\n\t\t\t\t\t\t\t\t\t<\/li>\n\t\t\t\t\t\t\t\t<li class=\"elementor-icon-list-item\">\n\t\t\t\t\t\t\t\t\t\t\t<span class=\"elementor-icon-list-icon\">\n\t\t\t\t\t\t\t<i aria-hidden=\"true\" class=\"fas fa-dot-circle\"><\/i>\t\t\t\t\t\t<\/span>\n\t\t\t\t\t\t\t\t\t\t<span class=\"elementor-icon-list-text\">Inkluzivnost<\/span>\n\t\t\t\t\t\t\t\t\t<\/li>\n\t\t\t\t\t\t\t\t<li class=\"elementor-icon-list-item\">\n\t\t\t\t\t\t\t\t\t\t\t<span class=\"elementor-icon-list-icon\">\n\t\t\t\t\t\t\t<i aria-hidden=\"true\" class=\"fas fa-dot-circle\"><\/i>\t\t\t\t\t\t<\/span>\n\t\t\t\t\t\t\t\t\t\t<span class=\"elementor-icon-list-text\">Transparentnost<\/span>\n\t\t\t\t\t\t\t\t\t<\/li>\n\t\t\t\t\t\t\t\t<li class=\"elementor-icon-list-item\">\n\t\t\t\t\t\t\t\t\t\t\t<span class=\"elementor-icon-list-icon\">\n\t\t\t\t\t\t\t<i aria-hidden=\"true\" class=\"fas fa-dot-circle\"><\/i>\t\t\t\t\t\t<\/span>\n\t\t\t\t\t\t\t\t\t\t<span class=\"elementor-icon-list-text\">Razvoj<\/span>\n\t\t\t\t\t\t\t\t\t<\/li>\n\t\t\t\t\t\t<\/ul>\n\t\t\t\t\t\t<\/div>\n\t\t\t\t<\/div>\n\t\t\t\t<div class=\"elementor-element elementor-element-410b0d73 elementor-widget elementor-widget-text-editor\" data-id=\"410b0d73\" data-element_type=\"widget\" data-e-type=\"widget\" data-widget_type=\"text-editor.default\">\n\t\t\t\t<div class=\"elementor-widget-container\">\n\t\t\t\t\t\t\t\t\t<p><\/p>\n<p>\u00a0<\/p>\n<div><img fetchpriority=\"high\" decoding=\"async\" width=\"1024\" height=\"196\" class=\"wp-image-1768\" style=\"color: var( --e-global-color-text ); font-family: var( --e-global-typography-text-font-family ), Sans-serif; font-weight: var( --e-global-typography-text-font-weight );\" src=\"https:\/\/resfoundation.org\/rs\/wp-content\/uploads\/2021\/03\/Screenshot-10-1024x196.png\" alt=\"\" srcset=\"https:\/\/resfoundation.org\/rs\/wp-content\/uploads\/2021\/03\/Screenshot-10-1024x196.png 1024w, https:\/\/resfoundation.org\/rs\/wp-content\/uploads\/2021\/03\/Screenshot-10-300x57.png 300w, https:\/\/resfoundation.org\/rs\/wp-content\/uploads\/2021\/03\/Screenshot-10-768x147.png 768w, https:\/\/resfoundation.org\/rs\/wp-content\/uploads\/2021\/03\/Screenshot-10-1536x294.png 1536w, https:\/\/resfoundation.org\/rs\/wp-content\/uploads\/2021\/03\/Screenshot-10.png 1655w\" sizes=\"(max-width: 1024px) 100vw, 1024px\" \/><\/div>\n<p><\/p>\t\t\t\t\t\t\t\t<\/div>\n\t\t\t\t<\/div>\n\t\t\t\t\t<\/div>\n\t\t<\/div>\n\t\t\t\t\t<\/div>\n\t\t<\/section>\n\t\t\t\t<\/div>\n\t\t","protected":false},"excerpt":{"rendered":"<p>Stubovi svih aspekata na\u0161eg delovanja jesu: Javno dobro Javni interes Partnerstvo Odgovornost Participacija Odr\u017eivost Dugoro\u010dna perspektiva Rodna ravnopravnost i mejnstriming Inkluzivnost Transparentnost Razvoj \u00a0<\/p>\n","protected":false},"author":3,"featured_media":0,"parent":0,"menu_order":0,"comment_status":"closed","ping_status":"closed","template":"","meta":{"footnotes":""},"class_list":["post-49","page","type-page","status-publish","hentry"],"yoast_head":"<!-- This site is optimized with the Yoast SEO plugin v27.2 - https:\/\/yoast.com\/product\/yoast-seo-wordpress\/ -->\n<title>Na koji na\u010din radimo? - RES fondacija<\/title>\n<meta name=\"robots\" content=\"index, follow, max-snippet:-1, max-image-preview:large, max-video-preview:-1\" \/>\n<link rel=\"canonical\" href=\"https:\/\/resfoundation.org\/rs\/kako-radimo\/\" \/>\n<meta property=\"og:locale\" content=\"sr_RS\" \/>\n<meta property=\"og:type\" content=\"article\" \/>\n<meta property=\"og:title\" content=\"Na koji na\u010din radimo? - RES fondacija\" \/>\n<meta property=\"og:description\" content=\"Stubovi svih aspekata na\u0161eg delovanja jesu: Javno dobro Javni interes Partnerstvo Odgovornost Participacija Odr\u017eivost Dugoro\u010dna perspektiva Rodna ravnopravnost i mejnstriming Inkluzivnost Transparentnost Razvoj \u00a0\" \/>\n<meta property=\"og:url\" content=\"https:\/\/resfoundation.org\/rs\/kako-radimo\/\" \/>\n<meta property=\"og:site_name\" content=\"RES fondacija\" \/>\n<meta property=\"article:modified_time\" content=\"2021-09-08T11:34:01+00:00\" \/>\n<meta property=\"og:image\" content=\"https:\/\/resfoundation.org\/rs\/wp-content\/uploads\/2021\/03\/Screenshot-10-1024x196.png\" \/>\n<meta name=\"twitter:card\" content=\"summary_large_image\" \/>\n<script type=\"application\/ld+json\" class=\"yoast-schema-graph\">{\"@context\":\"https:\/\/schema.org\",\"@graph\":[{\"@type\":\"WebPage\",\"@id\":\"https:\/\/resfoundation.org\/rs\/kako-radimo\/\",\"url\":\"https:\/\/resfoundation.org\/rs\/kako-radimo\/\",\"name\":\"Na koji na\u010din radimo? - RES fondacija\",\"isPartOf\":{\"@id\":\"https:\/\/resfoundation.org\/rs\/#website\"},\"primaryImageOfPage\":{\"@id\":\"https:\/\/resfoundation.org\/rs\/kako-radimo\/#primaryimage\"},\"image\":{\"@id\":\"https:\/\/resfoundation.org\/rs\/kako-radimo\/#primaryimage\"},\"thumbnailUrl\":\"https:\/\/resfoundation.org\/rs\/wp-content\/uploads\/2021\/03\/Screenshot-10-1024x196.png\",\"datePublished\":\"2021-03-12T23:34:54+00:00\",\"dateModified\":\"2021-09-08T11:34:01+00:00\",\"breadcrumb\":{\"@id\":\"https:\/\/resfoundation.org\/rs\/kako-radimo\/#breadcrumb\"},\"inLanguage\":\"sr-RS\",\"potentialAction\":[{\"@type\":\"ReadAction\",\"target\":[\"https:\/\/resfoundation.org\/rs\/kako-radimo\/\"]}]},{\"@type\":\"ImageObject\",\"inLanguage\":\"sr-RS\",\"@id\":\"https:\/\/resfoundation.org\/rs\/kako-radimo\/#primaryimage\",\"url\":\"https:\/\/resfoundation.org\/rs\/wp-content\/uploads\/2021\/03\/Screenshot-10.png\",\"contentUrl\":\"https:\/\/resfoundation.org\/rs\/wp-content\/uploads\/2021\/03\/Screenshot-10.png\",\"width\":1655,\"height\":317},{\"@type\":\"BreadcrumbList\",\"@id\":\"https:\/\/resfoundation.org\/rs\/kako-radimo\/#breadcrumb\",\"itemListElement\":[{\"@type\":\"ListItem\",\"position\":1,\"name\":\"\u041f\u043e\u0447\u0435\u0442\u043d\u0430\",\"item\":\"https:\/\/resfoundation.org\/rs\/\"},{\"@type\":\"ListItem\",\"position\":2,\"name\":\"Na koji na\u010din radimo?\"}]},{\"@type\":\"WebSite\",\"@id\":\"https:\/\/resfoundation.org\/rs\/#website\",\"url\":\"https:\/\/resfoundation.org\/rs\/\",\"name\":\"RES fondacija\",\"description\":\"Partnerships for Resilience\",\"publisher\":{\"@id\":\"https:\/\/resfoundation.org\/rs\/#organization\"},\"potentialAction\":[{\"@type\":\"SearchAction\",\"target\":{\"@type\":\"EntryPoint\",\"urlTemplate\":\"https:\/\/resfoundation.org\/rs\/?s={search_term_string}\"},\"query-input\":{\"@type\":\"PropertyValueSpecification\",\"valueRequired\":true,\"valueName\":\"search_term_string\"}}],\"inLanguage\":\"sr-RS\"},{\"@type\":\"Organization\",\"@id\":\"https:\/\/resfoundation.org\/rs\/#organization\",\"name\":\"RES fondacija\",\"url\":\"https:\/\/resfoundation.org\/rs\/\",\"logo\":{\"@type\":\"ImageObject\",\"inLanguage\":\"sr-RS\",\"@id\":\"https:\/\/resfoundation.org\/rs\/#\/schema\/logo\/image\/\",\"url\":\"https:\/\/resfoundation.org\/rs\/wp-content\/uploads\/2021\/03\/cropped-cropped-cropped-res-bez-ispisa.png\",\"contentUrl\":\"https:\/\/resfoundation.org\/rs\/wp-content\/uploads\/2021\/03\/cropped-cropped-cropped-res-bez-ispisa.png\",\"width\":512,\"height\":512,\"caption\":\"RES fondacija\"},\"image\":{\"@id\":\"https:\/\/resfoundation.org\/rs\/#\/schema\/logo\/image\/\"}}]}<\/script>\n<!-- \/ Yoast SEO plugin. -->","yoast_head_json":{"title":"Na koji na\u010din radimo? - RES fondacija","robots":{"index":"index","follow":"follow","max-snippet":"max-snippet:-1","max-image-preview":"max-image-preview:large","max-video-preview":"max-video-preview:-1"},"canonical":"https:\/\/resfoundation.org\/rs\/kako-radimo\/","og_locale":"sr_RS","og_type":"article","og_title":"Na koji na\u010din radimo? - RES fondacija","og_description":"Stubovi svih aspekata na\u0161eg delovanja jesu: Javno dobro Javni interes Partnerstvo Odgovornost Participacija Odr\u017eivost Dugoro\u010dna perspektiva Rodna ravnopravnost i mejnstriming Inkluzivnost Transparentnost Razvoj \u00a0","og_url":"https:\/\/resfoundation.org\/rs\/kako-radimo\/","og_site_name":"RES fondacija","article_modified_time":"2021-09-08T11:34:01+00:00","og_image":[{"url":"https:\/\/resfoundation.org\/rs\/wp-content\/uploads\/2021\/03\/Screenshot-10-1024x196.png","type":"","width":"","height":""}],"twitter_card":"summary_large_image","schema":{"@context":"https:\/\/schema.org","@graph":[{"@type":"WebPage","@id":"https:\/\/resfoundation.org\/rs\/kako-radimo\/","url":"https:\/\/resfoundation.org\/rs\/kako-radimo\/","name":"Na koji na\u010din radimo? - RES fondacija","isPartOf":{"@id":"https:\/\/resfoundation.org\/rs\/#website"},"primaryImageOfPage":{"@id":"https:\/\/resfoundation.org\/rs\/kako-radimo\/#primaryimage"},"image":{"@id":"https:\/\/resfoundation.org\/rs\/kako-radimo\/#primaryimage"},"thumbnailUrl":"https:\/\/resfoundation.org\/rs\/wp-content\/uploads\/2021\/03\/Screenshot-10-1024x196.png","datePublished":"2021-03-12T23:34:54+00:00","dateModified":"2021-09-08T11:34:01+00:00","breadcrumb":{"@id":"https:\/\/resfoundation.org\/rs\/kako-radimo\/#breadcrumb"},"inLanguage":"sr-RS","potentialAction":[{"@type":"ReadAction","target":["https:\/\/resfoundation.org\/rs\/kako-radimo\/"]}]},{"@type":"ImageObject","inLanguage":"sr-RS","@id":"https:\/\/resfoundation.org\/rs\/kako-radimo\/#primaryimage","url":"https:\/\/resfoundation.org\/rs\/wp-content\/uploads\/2021\/03\/Screenshot-10.png","contentUrl":"https:\/\/resfoundation.org\/rs\/wp-content\/uploads\/2021\/03\/Screenshot-10.png","width":1655,"height":317},{"@type":"BreadcrumbList","@id":"https:\/\/resfoundation.org\/rs\/kako-radimo\/#breadcrumb","itemListElement":[{"@type":"ListItem","position":1,"name":"\u041f\u043e\u0447\u0435\u0442\u043d\u0430","item":"https:\/\/resfoundation.org\/rs\/"},{"@type":"ListItem","position":2,"name":"Na koji na\u010din radimo?"}]},{"@type":"WebSite","@id":"https:\/\/resfoundation.org\/rs\/#website","url":"https:\/\/resfoundation.org\/rs\/","name":"RES fondacija","description":"Partnerships for Resilience","publisher":{"@id":"https:\/\/resfoundation.org\/rs\/#organization"},"potentialAction":[{"@type":"SearchAction","target":{"@type":"EntryPoint","urlTemplate":"https:\/\/resfoundation.org\/rs\/?s={search_term_string}"},"query-input":{"@type":"PropertyValueSpecification","valueRequired":true,"valueName":"search_term_string"}}],"inLanguage":"sr-RS"},{"@type":"Organization","@id":"https:\/\/resfoundation.org\/rs\/#organization","name":"RES fondacija","url":"https:\/\/resfoundation.org\/rs\/","logo":{"@type":"ImageObject","inLanguage":"sr-RS","@id":"https:\/\/resfoundation.org\/rs\/#\/schema\/logo\/image\/","url":"https:\/\/resfoundation.org\/rs\/wp-content\/uploads\/2021\/03\/cropped-cropped-cropped-res-bez-ispisa.png","contentUrl":"https:\/\/resfoundation.org\/rs\/wp-content\/uploads\/2021\/03\/cropped-cropped-cropped-res-bez-ispisa.png","width":512,"height":512,"caption":"RES fondacija"},"image":{"@id":"https:\/\/resfoundation.org\/rs\/#\/schema\/logo\/image\/"}}]}},"_links":{"self":[{"href":"https:\/\/resfoundation.org\/rs\/wp-json\/wp\/v2\/pages\/49","targetHints":{"allow":["GET"]}}],"collection":[{"href":"https:\/\/resfoundation.org\/rs\/wp-json\/wp\/v2\/pages"}],"about":[{"href":"https:\/\/resfoundation.org\/rs\/wp-json\/wp\/v2\/types\/page"}],"author":[{"embeddable":true,"href":"https:\/\/resfoundation.org\/rs\/wp-json\/wp\/v2\/users\/3"}],"replies":[{"embeddable":true,"href":"https:\/\/resfoundation.org\/rs\/wp-json\/wp\/v2\/comments?post=49"}],"version-history":[{"count":20,"href":"https:\/\/resfoundation.org\/rs\/wp-json\/wp\/v2\/pages\/49\/revisions"}],"predecessor-version":[{"id":2432,"href":"https:\/\/resfoundation.org\/rs\/wp-json\/wp\/v2\/pages\/49\/revisions\/2432"}],"wp:attachment":[{"href":"https:\/\/resfoundation.org\/rs\/wp-json\/wp\/v2\/media?parent=49"}],"curies":[{"name":"wp","href":"https:\/\/api.w.org\/{rel}","templated":true}]}}