{"id":70,"date":"2021-03-12T23:54:48","date_gmt":"2021-03-12T23:54:48","guid":{"rendered":"https:\/\/resfoundation.org\/rs\/?page_id=70"},"modified":"2021-10-06T07:26:16","modified_gmt":"2021-10-06T07:26:16","slug":"energetska-tranzicija","status":"publish","type":"page","link":"https:\/\/resfoundation.org\/rs\/energetska-tranzicija\/","title":{"rendered":"Energetska tranzicija"},"content":{"rendered":"\n<figure class=\"wp-block-image size-large is-style-default\"><img fetchpriority=\"high\" decoding=\"async\" width=\"1024\" height=\"575\" src=\"https:\/\/resfoundation.org\/rs\/wp-content\/uploads\/2021\/03\/pinwheel-2222471_1920-1024x575.jpg\" alt=\"\" class=\"wp-image-529\" srcset=\"https:\/\/resfoundation.org\/rs\/wp-content\/uploads\/2021\/03\/pinwheel-2222471_1920-1024x575.jpg 1024w, https:\/\/resfoundation.org\/rs\/wp-content\/uploads\/2021\/03\/pinwheel-2222471_1920-300x169.jpg 300w, https:\/\/resfoundation.org\/rs\/wp-content\/uploads\/2021\/03\/pinwheel-2222471_1920-768x431.jpg 768w, https:\/\/resfoundation.org\/rs\/wp-content\/uploads\/2021\/03\/pinwheel-2222471_1920.jpg 1116w\" sizes=\"(max-width: 1024px) 100vw, 1024px\" \/><\/figure>\n\n\n\n<p>Srbija i na\u0161 region su izrazito zavisni od fosilnih goriva, \u0161to u proizvodnji elektri\u010dne energije implicira zavisnost od termoelektrana na ugalj, koje su na kraju svog \u017eivotnog veka. U isto vreme, hitnost ambiciozne klimatske akcije predstavlja neposredan izazov u kreiranju javne politike. Energetska tranzicija sa fosilnih goriva na energetsku efikasnost i obnovljive izvore energije mora biti u sredi\u0161tu agendi na svim nivoima &#8211; regionalnom, nacionalnom i lokalnom.<\/p>\n\n\n\n<p><strong>RES fondacija prikuplja, analizira i distribuira dokaze neophodne za informisano kreiranje javnih politika, kako bi omogu\u0107ila da promena bude pravovremena, efektivna i korisna za sve segmente dru\u0161tva.<\/strong><\/p>\n\n\n\n<p><strong>Mi zagovaramo promenu koja ne dozvoljava da iko bude izostavljen. Njen po\u010detak jeste re\u0161avanje energetskog siroma\u0161tva po\u010dev od danas, a nastavak \u010dine tri pojma energetske tranzicije koja po\u010dinju na slovo D:<\/strong><\/p>\n\n\n\n<ol class=\"wp-block-list\"><li><strong>Dekarbonizacija<\/strong><\/li><li><strong>Decentralizacija<\/strong><\/li><li><strong>Digitalizacija<\/strong><\/li><\/ol>\n\n\n\n<p>RES fondacija sakuplja znanje kako bi pomogla da Zelena agenda bude <em>agenda Zapadnog Balkana<\/em>, a ne <a rel=\"noreferrer noopener\" href=\"https:\/\/ec.europa.eu\/jrc\/en\/science-update\/eu-support-decarbonising-western-balkans\" target=\"_blank\"><em>agenda za Zapadni Balkan<\/em>. <\/a> S na\u0161im bogatim potencijalom za obnovljivu energiju, ljudskim resursima i zajedni\u010dkom vizijom za \u010dlanstvo u Evropskoj uniji, energetska tranzicija za koju se zala\u017eemo bi trebalo da bude proaktivna, inspirisana Sporazumom o energetskoj zajednici i predodre\u0111ena za Energetsku zajednicu Evropske unije. <\/p>\n\n\n\n<p><\/p>\n\n\n\n<p><\/p>\n","protected":false},"excerpt":{"rendered":"<p>Srbija i na\u0161 region su izrazito zavisni od fosilnih goriva, \u0161to u proizvodnji elektri\u010dne energije implicira zavisnost od termoelektrana na ugalj, koje su na kraju svog \u017eivotnog veka. U isto vreme, hitnost ambiciozne klimatske akcije predstavlja neposredan izazov u kreiranju javne politike. Energetska tranzicija sa fosilnih goriva na energetsku efikasnost i obnovljive izvore energije mora [&hellip;]<\/p>\n","protected":false},"author":3,"featured_media":0,"parent":0,"menu_order":0,"comment_status":"closed","ping_status":"closed","template":"","meta":{"footnotes":""},"class_list":["post-70","page","type-page","status-publish","hentry"],"yoast_head":"<!-- This site is optimized with the Yoast SEO plugin v27.2 - https:\/\/yoast.com\/product\/yoast-seo-wordpress\/ -->\n<title>Energetska tranzicija - RES fondacija<\/title>\n<meta name=\"robots\" content=\"index, follow, max-snippet:-1, max-image-preview:large, max-video-preview:-1\" \/>\n<link rel=\"canonical\" href=\"https:\/\/resfoundation.org\/rs\/energetska-tranzicija\/\" \/>\n<meta property=\"og:locale\" content=\"sr_RS\" \/>\n<meta property=\"og:type\" content=\"article\" \/>\n<meta property=\"og:title\" content=\"Energetska tranzicija - RES fondacija\" \/>\n<meta property=\"og:description\" content=\"Srbija i na\u0161 region su izrazito zavisni od fosilnih goriva, \u0161to u proizvodnji elektri\u010dne energije implicira zavisnost od termoelektrana na ugalj, koje su na kraju svog \u017eivotnog veka. U isto vreme, hitnost ambiciozne klimatske akcije predstavlja neposredan izazov u kreiranju javne politike. Energetska tranzicija sa fosilnih goriva na energetsku efikasnost i obnovljive izvore energije mora [&hellip;]\" \/>\n<meta property=\"og:url\" content=\"https:\/\/resfoundation.org\/rs\/energetska-tranzicija\/\" \/>\n<meta property=\"og:site_name\" content=\"RES fondacija\" \/>\n<meta property=\"article:modified_time\" content=\"2021-10-06T07:26:16+00:00\" \/>\n<meta property=\"og:image\" content=\"https:\/\/resfoundation.org\/rs\/wp-content\/uploads\/2021\/03\/pinwheel-2222471_1920-1024x575.jpg\" \/>\n<meta name=\"twitter:card\" content=\"summary_large_image\" \/>\n<meta name=\"twitter:label1\" content=\"\u041f\u0440\u043e\u0446\u0435\u045a\u0435\u043d\u043e \u0432\u0440\u0435\u043c\u0435 \u0447\u0438\u0442\u0430\u045a\u0430\" \/>\n\t<meta name=\"twitter:data1\" content=\"1 \u043c\u0438\u043d\u0443\u0442\" \/>\n<script type=\"application\/ld+json\" class=\"yoast-schema-graph\">{\"@context\":\"https:\/\/schema.org\",\"@graph\":[{\"@type\":\"WebPage\",\"@id\":\"https:\/\/resfoundation.org\/rs\/energetska-tranzicija\/\",\"url\":\"https:\/\/resfoundation.org\/rs\/energetska-tranzicija\/\",\"name\":\"Energetska tranzicija - RES fondacija\",\"isPartOf\":{\"@id\":\"https:\/\/resfoundation.org\/rs\/#website\"},\"primaryImageOfPage\":{\"@id\":\"https:\/\/resfoundation.org\/rs\/energetska-tranzicija\/#primaryimage\"},\"image\":{\"@id\":\"https:\/\/resfoundation.org\/rs\/energetska-tranzicija\/#primaryimage\"},\"thumbnailUrl\":\"https:\/\/resfoundation.org\/rs\/wp-content\/uploads\/2021\/03\/pinwheel-2222471_1920-1024x575.jpg\",\"datePublished\":\"2021-03-12T23:54:48+00:00\",\"dateModified\":\"2021-10-06T07:26:16+00:00\",\"breadcrumb\":{\"@id\":\"https:\/\/resfoundation.org\/rs\/energetska-tranzicija\/#breadcrumb\"},\"inLanguage\":\"sr-RS\",\"potentialAction\":[{\"@type\":\"ReadAction\",\"target\":[\"https:\/\/resfoundation.org\/rs\/energetska-tranzicija\/\"]}]},{\"@type\":\"ImageObject\",\"inLanguage\":\"sr-RS\",\"@id\":\"https:\/\/resfoundation.org\/rs\/energetska-tranzicija\/#primaryimage\",\"url\":\"https:\/\/resfoundation.org\/rs\/wp-content\/uploads\/2021\/03\/pinwheel-2222471_1920.jpg\",\"contentUrl\":\"https:\/\/resfoundation.org\/rs\/wp-content\/uploads\/2021\/03\/pinwheel-2222471_1920.jpg\",\"width\":1116,\"height\":627},{\"@type\":\"BreadcrumbList\",\"@id\":\"https:\/\/resfoundation.org\/rs\/energetska-tranzicija\/#breadcrumb\",\"itemListElement\":[{\"@type\":\"ListItem\",\"position\":1,\"name\":\"\u041f\u043e\u0447\u0435\u0442\u043d\u0430\",\"item\":\"https:\/\/resfoundation.org\/rs\/\"},{\"@type\":\"ListItem\",\"position\":2,\"name\":\"Energetska tranzicija\"}]},{\"@type\":\"WebSite\",\"@id\":\"https:\/\/resfoundation.org\/rs\/#website\",\"url\":\"https:\/\/resfoundation.org\/rs\/\",\"name\":\"RES fondacija\",\"description\":\"Partnerships for Resilience\",\"publisher\":{\"@id\":\"https:\/\/resfoundation.org\/rs\/#organization\"},\"potentialAction\":[{\"@type\":\"SearchAction\",\"target\":{\"@type\":\"EntryPoint\",\"urlTemplate\":\"https:\/\/resfoundation.org\/rs\/?s={search_term_string}\"},\"query-input\":{\"@type\":\"PropertyValueSpecification\",\"valueRequired\":true,\"valueName\":\"search_term_string\"}}],\"inLanguage\":\"sr-RS\"},{\"@type\":\"Organization\",\"@id\":\"https:\/\/resfoundation.org\/rs\/#organization\",\"name\":\"RES fondacija\",\"url\":\"https:\/\/resfoundation.org\/rs\/\",\"logo\":{\"@type\":\"ImageObject\",\"inLanguage\":\"sr-RS\",\"@id\":\"https:\/\/resfoundation.org\/rs\/#\/schema\/logo\/image\/\",\"url\":\"https:\/\/resfoundation.org\/rs\/wp-content\/uploads\/2021\/03\/cropped-cropped-cropped-res-bez-ispisa.png\",\"contentUrl\":\"https:\/\/resfoundation.org\/rs\/wp-content\/uploads\/2021\/03\/cropped-cropped-cropped-res-bez-ispisa.png\",\"width\":512,\"height\":512,\"caption\":\"RES fondacija\"},\"image\":{\"@id\":\"https:\/\/resfoundation.org\/rs\/#\/schema\/logo\/image\/\"}}]}<\/script>\n<!-- \/ Yoast SEO plugin. -->","yoast_head_json":{"title":"Energetska tranzicija - RES fondacija","robots":{"index":"index","follow":"follow","max-snippet":"max-snippet:-1","max-image-preview":"max-image-preview:large","max-video-preview":"max-video-preview:-1"},"canonical":"https:\/\/resfoundation.org\/rs\/energetska-tranzicija\/","og_locale":"sr_RS","og_type":"article","og_title":"Energetska tranzicija - RES fondacija","og_description":"Srbija i na\u0161 region su izrazito zavisni od fosilnih goriva, \u0161to u proizvodnji elektri\u010dne energije implicira zavisnost od termoelektrana na ugalj, koje su na kraju svog \u017eivotnog veka. U isto vreme, hitnost ambiciozne klimatske akcije predstavlja neposredan izazov u kreiranju javne politike. Energetska tranzicija sa fosilnih goriva na energetsku efikasnost i obnovljive izvore energije mora [&hellip;]","og_url":"https:\/\/resfoundation.org\/rs\/energetska-tranzicija\/","og_site_name":"RES fondacija","article_modified_time":"2021-10-06T07:26:16+00:00","og_image":[{"url":"https:\/\/resfoundation.org\/rs\/wp-content\/uploads\/2021\/03\/pinwheel-2222471_1920-1024x575.jpg","type":"","width":"","height":""}],"twitter_card":"summary_large_image","twitter_misc":{"\u041f\u0440\u043e\u0446\u0435\u045a\u0435\u043d\u043e \u0432\u0440\u0435\u043c\u0435 \u0447\u0438\u0442\u0430\u045a\u0430":"1 \u043c\u0438\u043d\u0443\u0442"},"schema":{"@context":"https:\/\/schema.org","@graph":[{"@type":"WebPage","@id":"https:\/\/resfoundation.org\/rs\/energetska-tranzicija\/","url":"https:\/\/resfoundation.org\/rs\/energetska-tranzicija\/","name":"Energetska tranzicija - RES fondacija","isPartOf":{"@id":"https:\/\/resfoundation.org\/rs\/#website"},"primaryImageOfPage":{"@id":"https:\/\/resfoundation.org\/rs\/energetska-tranzicija\/#primaryimage"},"image":{"@id":"https:\/\/resfoundation.org\/rs\/energetska-tranzicija\/#primaryimage"},"thumbnailUrl":"https:\/\/resfoundation.org\/rs\/wp-content\/uploads\/2021\/03\/pinwheel-2222471_1920-1024x575.jpg","datePublished":"2021-03-12T23:54:48+00:00","dateModified":"2021-10-06T07:26:16+00:00","breadcrumb":{"@id":"https:\/\/resfoundation.org\/rs\/energetska-tranzicija\/#breadcrumb"},"inLanguage":"sr-RS","potentialAction":[{"@type":"ReadAction","target":["https:\/\/resfoundation.org\/rs\/energetska-tranzicija\/"]}]},{"@type":"ImageObject","inLanguage":"sr-RS","@id":"https:\/\/resfoundation.org\/rs\/energetska-tranzicija\/#primaryimage","url":"https:\/\/resfoundation.org\/rs\/wp-content\/uploads\/2021\/03\/pinwheel-2222471_1920.jpg","contentUrl":"https:\/\/resfoundation.org\/rs\/wp-content\/uploads\/2021\/03\/pinwheel-2222471_1920.jpg","width":1116,"height":627},{"@type":"BreadcrumbList","@id":"https:\/\/resfoundation.org\/rs\/energetska-tranzicija\/#breadcrumb","itemListElement":[{"@type":"ListItem","position":1,"name":"\u041f\u043e\u0447\u0435\u0442\u043d\u0430","item":"https:\/\/resfoundation.org\/rs\/"},{"@type":"ListItem","position":2,"name":"Energetska tranzicija"}]},{"@type":"WebSite","@id":"https:\/\/resfoundation.org\/rs\/#website","url":"https:\/\/resfoundation.org\/rs\/","name":"RES fondacija","description":"Partnerships for Resilience","publisher":{"@id":"https:\/\/resfoundation.org\/rs\/#organization"},"potentialAction":[{"@type":"SearchAction","target":{"@type":"EntryPoint","urlTemplate":"https:\/\/resfoundation.org\/rs\/?s={search_term_string}"},"query-input":{"@type":"PropertyValueSpecification","valueRequired":true,"valueName":"search_term_string"}}],"inLanguage":"sr-RS"},{"@type":"Organization","@id":"https:\/\/resfoundation.org\/rs\/#organization","name":"RES fondacija","url":"https:\/\/resfoundation.org\/rs\/","logo":{"@type":"ImageObject","inLanguage":"sr-RS","@id":"https:\/\/resfoundation.org\/rs\/#\/schema\/logo\/image\/","url":"https:\/\/resfoundation.org\/rs\/wp-content\/uploads\/2021\/03\/cropped-cropped-cropped-res-bez-ispisa.png","contentUrl":"https:\/\/resfoundation.org\/rs\/wp-content\/uploads\/2021\/03\/cropped-cropped-cropped-res-bez-ispisa.png","width":512,"height":512,"caption":"RES fondacija"},"image":{"@id":"https:\/\/resfoundation.org\/rs\/#\/schema\/logo\/image\/"}}]}},"_links":{"self":[{"href":"https:\/\/resfoundation.org\/rs\/wp-json\/wp\/v2\/pages\/70","targetHints":{"allow":["GET"]}}],"collection":[{"href":"https:\/\/resfoundation.org\/rs\/wp-json\/wp\/v2\/pages"}],"about":[{"href":"https:\/\/resfoundation.org\/rs\/wp-json\/wp\/v2\/types\/page"}],"author":[{"embeddable":true,"href":"https:\/\/resfoundation.org\/rs\/wp-json\/wp\/v2\/users\/3"}],"replies":[{"embeddable":true,"href":"https:\/\/resfoundation.org\/rs\/wp-json\/wp\/v2\/comments?post=70"}],"version-history":[{"count":12,"href":"https:\/\/resfoundation.org\/rs\/wp-json\/wp\/v2\/pages\/70\/revisions"}],"predecessor-version":[{"id":2658,"href":"https:\/\/resfoundation.org\/rs\/wp-json\/wp\/v2\/pages\/70\/revisions\/2658"}],"wp:attachment":[{"href":"https:\/\/resfoundation.org\/rs\/wp-json\/wp\/v2\/media?parent=70"}],"curies":[{"name":"wp","href":"https:\/\/api.w.org\/{rel}","templated":true}]}}