{"id":71,"date":"2021-03-12T23:54:48","date_gmt":"2021-03-12T23:54:48","guid":{"rendered":"https:\/\/resfoundation.org\/rs\/?page_id=71"},"modified":"2021-10-06T07:28:42","modified_gmt":"2021-10-06T07:28:42","slug":"energetsko-siromastvo","status":"publish","type":"page","link":"https:\/\/resfoundation.org\/rs\/energetsko-siromastvo\/","title":{"rendered":"Energetsko siroma\u0161tvo"},"content":{"rendered":"\n<figure class=\"wp-block-image size-large is-style-default\"><img fetchpriority=\"high\" decoding=\"async\" width=\"1024\" height=\"682\" src=\"https:\/\/resfoundation.org\/rs\/wp-content\/uploads\/2021\/03\/cooking-smoke-5045040_1920-1-1024x682.jpg\" alt=\"\" class=\"wp-image-536\" srcset=\"https:\/\/resfoundation.org\/rs\/wp-content\/uploads\/2021\/03\/cooking-smoke-5045040_1920-1-1024x682.jpg 1024w, https:\/\/resfoundation.org\/rs\/wp-content\/uploads\/2021\/03\/cooking-smoke-5045040_1920-1-300x200.jpg 300w, https:\/\/resfoundation.org\/rs\/wp-content\/uploads\/2021\/03\/cooking-smoke-5045040_1920-1-768x511.jpg 768w, https:\/\/resfoundation.org\/rs\/wp-content\/uploads\/2021\/03\/cooking-smoke-5045040_1920-1-1536x1022.jpg 1536w, https:\/\/resfoundation.org\/rs\/wp-content\/uploads\/2021\/03\/cooking-smoke-5045040_1920-1.jpg 1920w\" sizes=\"(max-width: 1024px) 100vw, 1024px\" \/><\/figure>\n\n\n\n<p>Energija bi trebalo da omogu\u0107i zdrav \u017eivot i ekonomsko osna\u017eivanje. Na\u017ealost, za veliki broj ljudi \u010dini sasvim suprotno.  <\/p>\n\n\n\n<p>RES fondacija posvec\u0301ena je dobro informisanim, adekvatno obezbe\u0111enim i inkluzivnim javnim politikama osmi\u0161ljenim da podr\u017ee one koji trpe ili su ugro\u017eeni energetskim siroma\u0161tvom.<\/p>\n\n\n\n<p>Postoje\u0107i obrasci potro\u0161nje energije nastavljaju da ograni\u010davaju potra\u017enju za energijom, gu\u0161e ekonomsku aktivnost i doprinose razbolevanju ljudi. <strong>RES fondacija je posve\u0107ena<\/strong> <strong>tome da osigura da energetsko siroma\u0161tvo bude u punoj meri prepoznato kao problem i da u skladu s tim dobije mesto koje zahteva me\u0111u kreatorima javnih politika na svim nivoima.<\/strong>  Priu\u0161tivost, pristupa\u010dnost i efikasnost energije uti\u010du i na one u stanju energetskog siroma\u0161tva i na sve ostale. <strong>Na\u0161 vec\u0301 napregnuti sistem javnog zdravstva, na\u0161 ekonomski oporavak, na\u0161a socijalna kohezija, na\u0161a \u017eivotna sredina &#8211; sve zavisi od na\u0161e zajedni\u010dke odlu\u010dnosti da podr\u017eimo energetski siroma\u0161ne, kako bi imali pristup \u010distijoj, jeftinijoj, sigurnijoj i efikasnijoj toploti, svetlosti i energiji za svoje domove i \u017eivote. <\/strong>O\u010digledan simptom<strong> <\/strong>\u0161irenja energetskog siroma\u0161tva u Srbiji i \u0161irom na\u0161eg regiona jeste zaga\u0111enje vazduha, koje je me\u0111u vode\u0107im na svetu, i nastavlja da uti\u010de na ljude izme\u0111u i preko granica. Manje o\u010digledan simptom, \u010desto previ\u0111an, jeste stagnacija ekonomskog rasta, koja re\u0161avanje energetskog siroma\u0161tva pozicionira u sredi\u0161te svakog napora da se u ekonomskom smislu uhvati korak sa Evropskom unijom &#8211; na\u0161im zajedni\u010dkim odredi\u0161tem.  <\/p>\n\n\n\n<p>Stoga, na\u0161 rad je zasnovan na <a rel=\"noreferrer noopener\" href=\"https:\/\/ec.europa.eu\/growth\/industry\/sustainability\/product-policy-and-ecodesign_en\" target=\"_blank\">Direktivi za eko dizajn<\/a>, teku\u0107em evropskom razvoju, poput uskla\u0111ivanja takozvanog <a rel=\"noreferrer noopener\" href=\"https:\/\/ec.europa.eu\/energy\/topics\/energy-efficiency\/energy-efficient-buildings\/renovation-wave_en\" target=\"_blank\">talasa obnove<\/a> sa <a href=\"https:\/\/ec.europa.eu\/energy\/topics\/markets-and-consumers\/energy-consumer-rights\/energy-poverty_en\">Preporukama Evropske unije o energetskom <\/a><a rel=\"noreferrer noopener\" href=\"https:\/\/ec.europa.eu\/energy\/topics\/markets-and-consumers\/energy-consumer-rights\/energy-poverty_en\" target=\"_blank\">siroma\u0161tvu<\/a>, i zahtevima artikulisanim kroz <a rel=\"noreferrer noopener\" href=\"https:\/\/resfoundation.org\/rs\/2020\/11\/25\/right-to-energy-coalition\/\" target=\"_blank\">Koaliciju Pravo na energiju<\/a>, panevropski glas civilnog dru\u0161tva.  <\/p>\n","protected":false},"excerpt":{"rendered":"<p>Energija bi trebalo da omogu\u0107i zdrav \u017eivot i ekonomsko osna\u017eivanje. Na\u017ealost, za veliki broj ljudi \u010dini sasvim suprotno. RES fondacija posvec\u0301ena je dobro informisanim, adekvatno obezbe\u0111enim i inkluzivnim javnim politikama osmi\u0161ljenim da podr\u017ee one koji trpe ili su ugro\u017eeni energetskim siroma\u0161tvom. Postoje\u0107i obrasci potro\u0161nje energije nastavljaju da ograni\u010davaju potra\u017enju za energijom, gu\u0161e ekonomsku aktivnost i [&hellip;]<\/p>\n","protected":false},"author":3,"featured_media":0,"parent":0,"menu_order":0,"comment_status":"closed","ping_status":"closed","template":"","meta":{"footnotes":""},"class_list":["post-71","page","type-page","status-publish","hentry"],"yoast_head":"<!-- This site is optimized with the Yoast SEO plugin v27.2 - https:\/\/yoast.com\/product\/yoast-seo-wordpress\/ -->\n<title>Energetsko siroma\u0161tvo - RES fondacija<\/title>\n<meta name=\"robots\" content=\"index, follow, max-snippet:-1, max-image-preview:large, max-video-preview:-1\" \/>\n<link rel=\"canonical\" href=\"https:\/\/resfoundation.org\/rs\/energetsko-siromastvo\/\" \/>\n<meta property=\"og:locale\" content=\"sr_RS\" \/>\n<meta property=\"og:type\" content=\"article\" \/>\n<meta property=\"og:title\" content=\"Energetsko siroma\u0161tvo - RES fondacija\" \/>\n<meta property=\"og:description\" content=\"Energija bi trebalo da omogu\u0107i zdrav \u017eivot i ekonomsko osna\u017eivanje. Na\u017ealost, za veliki broj ljudi \u010dini sasvim suprotno. RES fondacija posvec\u0301ena je dobro informisanim, adekvatno obezbe\u0111enim i inkluzivnim javnim politikama osmi\u0161ljenim da podr\u017ee one koji trpe ili su ugro\u017eeni energetskim siroma\u0161tvom. Postoje\u0107i obrasci potro\u0161nje energije nastavljaju da ograni\u010davaju potra\u017enju za energijom, gu\u0161e ekonomsku aktivnost i [&hellip;]\" \/>\n<meta property=\"og:url\" content=\"https:\/\/resfoundation.org\/rs\/energetsko-siromastvo\/\" \/>\n<meta property=\"og:site_name\" content=\"RES fondacija\" \/>\n<meta property=\"article:modified_time\" content=\"2021-10-06T07:28:42+00:00\" \/>\n<meta property=\"og:image\" content=\"https:\/\/resfoundation.org\/rs\/wp-content\/uploads\/2021\/03\/cooking-smoke-5045040_1920-1-1024x682.jpg\" \/>\n<meta name=\"twitter:card\" content=\"summary_large_image\" \/>\n<meta name=\"twitter:label1\" content=\"\u041f\u0440\u043e\u0446\u0435\u045a\u0435\u043d\u043e \u0432\u0440\u0435\u043c\u0435 \u0447\u0438\u0442\u0430\u045a\u0430\" \/>\n\t<meta name=\"twitter:data1\" content=\"2 \u043c\u0438\u043d\u0443\u0442\u0430\" \/>\n<script type=\"application\/ld+json\" class=\"yoast-schema-graph\">{\"@context\":\"https:\/\/schema.org\",\"@graph\":[{\"@type\":\"WebPage\",\"@id\":\"https:\/\/resfoundation.org\/rs\/energetsko-siromastvo\/\",\"url\":\"https:\/\/resfoundation.org\/rs\/energetsko-siromastvo\/\",\"name\":\"Energetsko siroma\u0161tvo - RES fondacija\",\"isPartOf\":{\"@id\":\"https:\/\/resfoundation.org\/rs\/#website\"},\"primaryImageOfPage\":{\"@id\":\"https:\/\/resfoundation.org\/rs\/energetsko-siromastvo\/#primaryimage\"},\"image\":{\"@id\":\"https:\/\/resfoundation.org\/rs\/energetsko-siromastvo\/#primaryimage\"},\"thumbnailUrl\":\"https:\/\/resfoundation.org\/rs\/wp-content\/uploads\/2021\/03\/cooking-smoke-5045040_1920-1-1024x682.jpg\",\"datePublished\":\"2021-03-12T23:54:48+00:00\",\"dateModified\":\"2021-10-06T07:28:42+00:00\",\"breadcrumb\":{\"@id\":\"https:\/\/resfoundation.org\/rs\/energetsko-siromastvo\/#breadcrumb\"},\"inLanguage\":\"sr-RS\",\"potentialAction\":[{\"@type\":\"ReadAction\",\"target\":[\"https:\/\/resfoundation.org\/rs\/energetsko-siromastvo\/\"]}]},{\"@type\":\"ImageObject\",\"inLanguage\":\"sr-RS\",\"@id\":\"https:\/\/resfoundation.org\/rs\/energetsko-siromastvo\/#primaryimage\",\"url\":\"https:\/\/resfoundation.org\/rs\/wp-content\/uploads\/2021\/03\/cooking-smoke-5045040_1920-1.jpg\",\"contentUrl\":\"https:\/\/resfoundation.org\/rs\/wp-content\/uploads\/2021\/03\/cooking-smoke-5045040_1920-1.jpg\",\"width\":1920,\"height\":1278},{\"@type\":\"BreadcrumbList\",\"@id\":\"https:\/\/resfoundation.org\/rs\/energetsko-siromastvo\/#breadcrumb\",\"itemListElement\":[{\"@type\":\"ListItem\",\"position\":1,\"name\":\"\u041f\u043e\u0447\u0435\u0442\u043d\u0430\",\"item\":\"https:\/\/resfoundation.org\/rs\/\"},{\"@type\":\"ListItem\",\"position\":2,\"name\":\"Energetsko siroma\u0161tvo\"}]},{\"@type\":\"WebSite\",\"@id\":\"https:\/\/resfoundation.org\/rs\/#website\",\"url\":\"https:\/\/resfoundation.org\/rs\/\",\"name\":\"RES fondacija\",\"description\":\"Partnerships for Resilience\",\"publisher\":{\"@id\":\"https:\/\/resfoundation.org\/rs\/#organization\"},\"potentialAction\":[{\"@type\":\"SearchAction\",\"target\":{\"@type\":\"EntryPoint\",\"urlTemplate\":\"https:\/\/resfoundation.org\/rs\/?s={search_term_string}\"},\"query-input\":{\"@type\":\"PropertyValueSpecification\",\"valueRequired\":true,\"valueName\":\"search_term_string\"}}],\"inLanguage\":\"sr-RS\"},{\"@type\":\"Organization\",\"@id\":\"https:\/\/resfoundation.org\/rs\/#organization\",\"name\":\"RES fondacija\",\"url\":\"https:\/\/resfoundation.org\/rs\/\",\"logo\":{\"@type\":\"ImageObject\",\"inLanguage\":\"sr-RS\",\"@id\":\"https:\/\/resfoundation.org\/rs\/#\/schema\/logo\/image\/\",\"url\":\"https:\/\/resfoundation.org\/rs\/wp-content\/uploads\/2021\/03\/cropped-cropped-cropped-res-bez-ispisa.png\",\"contentUrl\":\"https:\/\/resfoundation.org\/rs\/wp-content\/uploads\/2021\/03\/cropped-cropped-cropped-res-bez-ispisa.png\",\"width\":512,\"height\":512,\"caption\":\"RES fondacija\"},\"image\":{\"@id\":\"https:\/\/resfoundation.org\/rs\/#\/schema\/logo\/image\/\"}}]}<\/script>\n<!-- \/ Yoast SEO plugin. -->","yoast_head_json":{"title":"Energetsko siroma\u0161tvo - RES fondacija","robots":{"index":"index","follow":"follow","max-snippet":"max-snippet:-1","max-image-preview":"max-image-preview:large","max-video-preview":"max-video-preview:-1"},"canonical":"https:\/\/resfoundation.org\/rs\/energetsko-siromastvo\/","og_locale":"sr_RS","og_type":"article","og_title":"Energetsko siroma\u0161tvo - RES fondacija","og_description":"Energija bi trebalo da omogu\u0107i zdrav \u017eivot i ekonomsko osna\u017eivanje. Na\u017ealost, za veliki broj ljudi \u010dini sasvim suprotno. RES fondacija posvec\u0301ena je dobro informisanim, adekvatno obezbe\u0111enim i inkluzivnim javnim politikama osmi\u0161ljenim da podr\u017ee one koji trpe ili su ugro\u017eeni energetskim siroma\u0161tvom. Postoje\u0107i obrasci potro\u0161nje energije nastavljaju da ograni\u010davaju potra\u017enju za energijom, gu\u0161e ekonomsku aktivnost i [&hellip;]","og_url":"https:\/\/resfoundation.org\/rs\/energetsko-siromastvo\/","og_site_name":"RES fondacija","article_modified_time":"2021-10-06T07:28:42+00:00","og_image":[{"url":"https:\/\/resfoundation.org\/rs\/wp-content\/uploads\/2021\/03\/cooking-smoke-5045040_1920-1-1024x682.jpg","type":"","width":"","height":""}],"twitter_card":"summary_large_image","twitter_misc":{"\u041f\u0440\u043e\u0446\u0435\u045a\u0435\u043d\u043e \u0432\u0440\u0435\u043c\u0435 \u0447\u0438\u0442\u0430\u045a\u0430":"2 \u043c\u0438\u043d\u0443\u0442\u0430"},"schema":{"@context":"https:\/\/schema.org","@graph":[{"@type":"WebPage","@id":"https:\/\/resfoundation.org\/rs\/energetsko-siromastvo\/","url":"https:\/\/resfoundation.org\/rs\/energetsko-siromastvo\/","name":"Energetsko siroma\u0161tvo - RES fondacija","isPartOf":{"@id":"https:\/\/resfoundation.org\/rs\/#website"},"primaryImageOfPage":{"@id":"https:\/\/resfoundation.org\/rs\/energetsko-siromastvo\/#primaryimage"},"image":{"@id":"https:\/\/resfoundation.org\/rs\/energetsko-siromastvo\/#primaryimage"},"thumbnailUrl":"https:\/\/resfoundation.org\/rs\/wp-content\/uploads\/2021\/03\/cooking-smoke-5045040_1920-1-1024x682.jpg","datePublished":"2021-03-12T23:54:48+00:00","dateModified":"2021-10-06T07:28:42+00:00","breadcrumb":{"@id":"https:\/\/resfoundation.org\/rs\/energetsko-siromastvo\/#breadcrumb"},"inLanguage":"sr-RS","potentialAction":[{"@type":"ReadAction","target":["https:\/\/resfoundation.org\/rs\/energetsko-siromastvo\/"]}]},{"@type":"ImageObject","inLanguage":"sr-RS","@id":"https:\/\/resfoundation.org\/rs\/energetsko-siromastvo\/#primaryimage","url":"https:\/\/resfoundation.org\/rs\/wp-content\/uploads\/2021\/03\/cooking-smoke-5045040_1920-1.jpg","contentUrl":"https:\/\/resfoundation.org\/rs\/wp-content\/uploads\/2021\/03\/cooking-smoke-5045040_1920-1.jpg","width":1920,"height":1278},{"@type":"BreadcrumbList","@id":"https:\/\/resfoundation.org\/rs\/energetsko-siromastvo\/#breadcrumb","itemListElement":[{"@type":"ListItem","position":1,"name":"\u041f\u043e\u0447\u0435\u0442\u043d\u0430","item":"https:\/\/resfoundation.org\/rs\/"},{"@type":"ListItem","position":2,"name":"Energetsko siroma\u0161tvo"}]},{"@type":"WebSite","@id":"https:\/\/resfoundation.org\/rs\/#website","url":"https:\/\/resfoundation.org\/rs\/","name":"RES fondacija","description":"Partnerships for Resilience","publisher":{"@id":"https:\/\/resfoundation.org\/rs\/#organization"},"potentialAction":[{"@type":"SearchAction","target":{"@type":"EntryPoint","urlTemplate":"https:\/\/resfoundation.org\/rs\/?s={search_term_string}"},"query-input":{"@type":"PropertyValueSpecification","valueRequired":true,"valueName":"search_term_string"}}],"inLanguage":"sr-RS"},{"@type":"Organization","@id":"https:\/\/resfoundation.org\/rs\/#organization","name":"RES fondacija","url":"https:\/\/resfoundation.org\/rs\/","logo":{"@type":"ImageObject","inLanguage":"sr-RS","@id":"https:\/\/resfoundation.org\/rs\/#\/schema\/logo\/image\/","url":"https:\/\/resfoundation.org\/rs\/wp-content\/uploads\/2021\/03\/cropped-cropped-cropped-res-bez-ispisa.png","contentUrl":"https:\/\/resfoundation.org\/rs\/wp-content\/uploads\/2021\/03\/cropped-cropped-cropped-res-bez-ispisa.png","width":512,"height":512,"caption":"RES fondacija"},"image":{"@id":"https:\/\/resfoundation.org\/rs\/#\/schema\/logo\/image\/"}}]}},"_links":{"self":[{"href":"https:\/\/resfoundation.org\/rs\/wp-json\/wp\/v2\/pages\/71","targetHints":{"allow":["GET"]}}],"collection":[{"href":"https:\/\/resfoundation.org\/rs\/wp-json\/wp\/v2\/pages"}],"about":[{"href":"https:\/\/resfoundation.org\/rs\/wp-json\/wp\/v2\/types\/page"}],"author":[{"embeddable":true,"href":"https:\/\/resfoundation.org\/rs\/wp-json\/wp\/v2\/users\/3"}],"replies":[{"embeddable":true,"href":"https:\/\/resfoundation.org\/rs\/wp-json\/wp\/v2\/comments?post=71"}],"version-history":[{"count":14,"href":"https:\/\/resfoundation.org\/rs\/wp-json\/wp\/v2\/pages\/71\/revisions"}],"predecessor-version":[{"id":2660,"href":"https:\/\/resfoundation.org\/rs\/wp-json\/wp\/v2\/pages\/71\/revisions\/2660"}],"wp:attachment":[{"href":"https:\/\/resfoundation.org\/rs\/wp-json\/wp\/v2\/media?parent=71"}],"curies":[{"name":"wp","href":"https:\/\/api.w.org\/{rel}","templated":true}]}}