{"id":72,"date":"2021-03-12T23:54:48","date_gmt":"2021-03-12T23:54:48","guid":{"rendered":"https:\/\/resfoundation.org\/rs\/?page_id=72"},"modified":"2021-08-11T12:19:56","modified_gmt":"2021-08-11T12:19:56","slug":"zagadjenje-vazduha","status":"publish","type":"page","link":"https:\/\/resfoundation.org\/rs\/zagadjenje-vazduha\/","title":{"rendered":"Zaga\u0111enje vazduha"},"content":{"rendered":"\n<figure class=\"wp-block-image size-large is-style-default\"><img fetchpriority=\"high\" decoding=\"async\" width=\"1024\" height=\"523\" src=\"https:\/\/resfoundation.org\/rs\/wp-content\/uploads\/2021\/03\/industry-611668_1920-1024x523.jpg\" alt=\"\" class=\"wp-image-534\" srcset=\"https:\/\/resfoundation.org\/rs\/wp-content\/uploads\/2021\/03\/industry-611668_1920-1024x523.jpg 1024w, https:\/\/resfoundation.org\/rs\/wp-content\/uploads\/2021\/03\/industry-611668_1920-300x153.jpg 300w, https:\/\/resfoundation.org\/rs\/wp-content\/uploads\/2021\/03\/industry-611668_1920-768x392.jpg 768w, https:\/\/resfoundation.org\/rs\/wp-content\/uploads\/2021\/03\/industry-611668_1920-1536x784.jpg 1536w, https:\/\/resfoundation.org\/rs\/wp-content\/uploads\/2021\/03\/industry-611668_1920.jpg 1920w\" sizes=\"(max-width: 1024px) 100vw, 1024px\" \/><\/figure>\n\n\n\n<p>RES fondacija radi na uklanjanju gradova iz Srbije i na\u0161eg regiona sa rang-liste svetskih gradova sa najzaga\u0111enijim vazduhom. Takav epilog nije mogu\u0107e posti\u0107i preko no\u0107i. Decenije nemara prema kvalitetu vazduha dovele su nas u trenutnu poziciju. Potrebno je pet do sedam godina strategijske, informisane, na dokazima zasnovane javne politike na svim nivoima uprave kako bi se o\u010distio vazduh koji udi\u0161emo.   <\/p>\n\n\n\n<p>Na\u0161 je pristup najbolje ilustrovan na\u0161im za\u0161titnim znakom &#8211; godi\u0161njom konferencijom na temu <a rel=\"noreferrer noopener\" href=\"https:\/\/dvevatre.resfoundation.org\/\" target=\"_blank\">balkanskog vazduha izme\u0111u dve vatre<\/a>. Prepoznajemo i integri\u0161emo me\u0111usobnu povezanost dekarbonizacije i energetskog siroma\u0161tva u korpus za skretanje pa\u017enje na proizvodnju energije i industrijsko zaga\u0111enje s jedne strane, i zaga\u0111enje vazduha iz stambenog sektora, s druge.  <\/p>\n\n\n\n<p><strong>RES fondacija prikuplja, analizira i distribuira znanje o problemu zaga\u0111enja vazduha, odlu\u010dna da omogu\u0107i da re\u0161enja budu izdignuta iznad i izvan postoje\u0107ih obrazaca kratkoro\u010dnog kreiranja javnih politika, sektorske kratkovidosti i ekonomskih izgovora neosetljivih na spolja\u0161njost. <\/strong><\/p>\n\n\n\n<p>\u010cist vazduh nije u suprotnosti sa ekonomskim razvojem.  <\/p>\n","protected":false},"excerpt":{"rendered":"<p>RES fondacija radi na uklanjanju gradova iz Srbije i na\u0161eg regiona sa rang-liste svetskih gradova sa najzaga\u0111enijim vazduhom. Takav epilog nije mogu\u0107e posti\u0107i preko no\u0107i. Decenije nemara prema kvalitetu vazduha dovele su nas u trenutnu poziciju. Potrebno je pet do sedam godina strategijske, informisane, na dokazima zasnovane javne politike na svim nivoima uprave kako bi [&hellip;]<\/p>\n","protected":false},"author":3,"featured_media":0,"parent":0,"menu_order":0,"comment_status":"closed","ping_status":"closed","template":"","meta":{"footnotes":""},"class_list":["post-72","page","type-page","status-publish","hentry"],"yoast_head":"<!-- This site is optimized with the Yoast SEO plugin v27.2 - https:\/\/yoast.com\/product\/yoast-seo-wordpress\/ -->\n<title>Zaga\u0111enje vazduha - RES fondacija<\/title>\n<meta name=\"robots\" content=\"index, follow, max-snippet:-1, max-image-preview:large, max-video-preview:-1\" \/>\n<link rel=\"canonical\" href=\"https:\/\/resfoundation.org\/rs\/zagadjenje-vazduha\/\" \/>\n<meta property=\"og:locale\" content=\"sr_RS\" \/>\n<meta property=\"og:type\" content=\"article\" \/>\n<meta property=\"og:title\" content=\"Zaga\u0111enje vazduha - RES fondacija\" \/>\n<meta property=\"og:description\" content=\"RES fondacija radi na uklanjanju gradova iz Srbije i na\u0161eg regiona sa rang-liste svetskih gradova sa najzaga\u0111enijim vazduhom. Takav epilog nije mogu\u0107e posti\u0107i preko no\u0107i. Decenije nemara prema kvalitetu vazduha dovele su nas u trenutnu poziciju. Potrebno je pet do sedam godina strategijske, informisane, na dokazima zasnovane javne politike na svim nivoima uprave kako bi [&hellip;]\" \/>\n<meta property=\"og:url\" content=\"https:\/\/resfoundation.org\/rs\/zagadjenje-vazduha\/\" \/>\n<meta property=\"og:site_name\" content=\"RES fondacija\" \/>\n<meta property=\"article:modified_time\" content=\"2021-08-11T12:19:56+00:00\" \/>\n<meta property=\"og:image\" content=\"https:\/\/resfoundation.org\/rs\/wp-content\/uploads\/2021\/03\/industry-611668_1920-1024x523.jpg\" \/>\n<meta name=\"twitter:card\" content=\"summary_large_image\" \/>\n<meta name=\"twitter:label1\" content=\"\u041f\u0440\u043e\u0446\u0435\u045a\u0435\u043d\u043e \u0432\u0440\u0435\u043c\u0435 \u0447\u0438\u0442\u0430\u045a\u0430\" \/>\n\t<meta name=\"twitter:data1\" content=\"1 \u043c\u0438\u043d\u0443\u0442\" \/>\n<script type=\"application\/ld+json\" class=\"yoast-schema-graph\">{\"@context\":\"https:\/\/schema.org\",\"@graph\":[{\"@type\":\"WebPage\",\"@id\":\"https:\/\/resfoundation.org\/rs\/zagadjenje-vazduha\/\",\"url\":\"https:\/\/resfoundation.org\/rs\/zagadjenje-vazduha\/\",\"name\":\"Zaga\u0111enje vazduha - RES fondacija\",\"isPartOf\":{\"@id\":\"https:\/\/resfoundation.org\/rs\/#website\"},\"primaryImageOfPage\":{\"@id\":\"https:\/\/resfoundation.org\/rs\/zagadjenje-vazduha\/#primaryimage\"},\"image\":{\"@id\":\"https:\/\/resfoundation.org\/rs\/zagadjenje-vazduha\/#primaryimage\"},\"thumbnailUrl\":\"https:\/\/resfoundation.org\/rs\/wp-content\/uploads\/2021\/03\/industry-611668_1920-1024x523.jpg\",\"datePublished\":\"2021-03-12T23:54:48+00:00\",\"dateModified\":\"2021-08-11T12:19:56+00:00\",\"breadcrumb\":{\"@id\":\"https:\/\/resfoundation.org\/rs\/zagadjenje-vazduha\/#breadcrumb\"},\"inLanguage\":\"sr-RS\",\"potentialAction\":[{\"@type\":\"ReadAction\",\"target\":[\"https:\/\/resfoundation.org\/rs\/zagadjenje-vazduha\/\"]}]},{\"@type\":\"ImageObject\",\"inLanguage\":\"sr-RS\",\"@id\":\"https:\/\/resfoundation.org\/rs\/zagadjenje-vazduha\/#primaryimage\",\"url\":\"https:\/\/resfoundation.org\/rs\/wp-content\/uploads\/2021\/03\/industry-611668_1920.jpg\",\"contentUrl\":\"https:\/\/resfoundation.org\/rs\/wp-content\/uploads\/2021\/03\/industry-611668_1920.jpg\",\"width\":1920,\"height\":980},{\"@type\":\"BreadcrumbList\",\"@id\":\"https:\/\/resfoundation.org\/rs\/zagadjenje-vazduha\/#breadcrumb\",\"itemListElement\":[{\"@type\":\"ListItem\",\"position\":1,\"name\":\"\u041f\u043e\u0447\u0435\u0442\u043d\u0430\",\"item\":\"https:\/\/resfoundation.org\/rs\/\"},{\"@type\":\"ListItem\",\"position\":2,\"name\":\"Zaga\u0111enje vazduha\"}]},{\"@type\":\"WebSite\",\"@id\":\"https:\/\/resfoundation.org\/rs\/#website\",\"url\":\"https:\/\/resfoundation.org\/rs\/\",\"name\":\"RES fondacija\",\"description\":\"Partnerships for Resilience\",\"publisher\":{\"@id\":\"https:\/\/resfoundation.org\/rs\/#organization\"},\"potentialAction\":[{\"@type\":\"SearchAction\",\"target\":{\"@type\":\"EntryPoint\",\"urlTemplate\":\"https:\/\/resfoundation.org\/rs\/?s={search_term_string}\"},\"query-input\":{\"@type\":\"PropertyValueSpecification\",\"valueRequired\":true,\"valueName\":\"search_term_string\"}}],\"inLanguage\":\"sr-RS\"},{\"@type\":\"Organization\",\"@id\":\"https:\/\/resfoundation.org\/rs\/#organization\",\"name\":\"RES fondacija\",\"url\":\"https:\/\/resfoundation.org\/rs\/\",\"logo\":{\"@type\":\"ImageObject\",\"inLanguage\":\"sr-RS\",\"@id\":\"https:\/\/resfoundation.org\/rs\/#\/schema\/logo\/image\/\",\"url\":\"https:\/\/resfoundation.org\/rs\/wp-content\/uploads\/2021\/03\/cropped-cropped-cropped-res-bez-ispisa.png\",\"contentUrl\":\"https:\/\/resfoundation.org\/rs\/wp-content\/uploads\/2021\/03\/cropped-cropped-cropped-res-bez-ispisa.png\",\"width\":512,\"height\":512,\"caption\":\"RES fondacija\"},\"image\":{\"@id\":\"https:\/\/resfoundation.org\/rs\/#\/schema\/logo\/image\/\"}}]}<\/script>\n<!-- \/ Yoast SEO plugin. -->","yoast_head_json":{"title":"Zaga\u0111enje vazduha - RES fondacija","robots":{"index":"index","follow":"follow","max-snippet":"max-snippet:-1","max-image-preview":"max-image-preview:large","max-video-preview":"max-video-preview:-1"},"canonical":"https:\/\/resfoundation.org\/rs\/zagadjenje-vazduha\/","og_locale":"sr_RS","og_type":"article","og_title":"Zaga\u0111enje vazduha - RES fondacija","og_description":"RES fondacija radi na uklanjanju gradova iz Srbije i na\u0161eg regiona sa rang-liste svetskih gradova sa najzaga\u0111enijim vazduhom. Takav epilog nije mogu\u0107e posti\u0107i preko no\u0107i. Decenije nemara prema kvalitetu vazduha dovele su nas u trenutnu poziciju. Potrebno je pet do sedam godina strategijske, informisane, na dokazima zasnovane javne politike na svim nivoima uprave kako bi [&hellip;]","og_url":"https:\/\/resfoundation.org\/rs\/zagadjenje-vazduha\/","og_site_name":"RES fondacija","article_modified_time":"2021-08-11T12:19:56+00:00","og_image":[{"url":"https:\/\/resfoundation.org\/rs\/wp-content\/uploads\/2021\/03\/industry-611668_1920-1024x523.jpg","type":"","width":"","height":""}],"twitter_card":"summary_large_image","twitter_misc":{"\u041f\u0440\u043e\u0446\u0435\u045a\u0435\u043d\u043e \u0432\u0440\u0435\u043c\u0435 \u0447\u0438\u0442\u0430\u045a\u0430":"1 \u043c\u0438\u043d\u0443\u0442"},"schema":{"@context":"https:\/\/schema.org","@graph":[{"@type":"WebPage","@id":"https:\/\/resfoundation.org\/rs\/zagadjenje-vazduha\/","url":"https:\/\/resfoundation.org\/rs\/zagadjenje-vazduha\/","name":"Zaga\u0111enje vazduha - RES fondacija","isPartOf":{"@id":"https:\/\/resfoundation.org\/rs\/#website"},"primaryImageOfPage":{"@id":"https:\/\/resfoundation.org\/rs\/zagadjenje-vazduha\/#primaryimage"},"image":{"@id":"https:\/\/resfoundation.org\/rs\/zagadjenje-vazduha\/#primaryimage"},"thumbnailUrl":"https:\/\/resfoundation.org\/rs\/wp-content\/uploads\/2021\/03\/industry-611668_1920-1024x523.jpg","datePublished":"2021-03-12T23:54:48+00:00","dateModified":"2021-08-11T12:19:56+00:00","breadcrumb":{"@id":"https:\/\/resfoundation.org\/rs\/zagadjenje-vazduha\/#breadcrumb"},"inLanguage":"sr-RS","potentialAction":[{"@type":"ReadAction","target":["https:\/\/resfoundation.org\/rs\/zagadjenje-vazduha\/"]}]},{"@type":"ImageObject","inLanguage":"sr-RS","@id":"https:\/\/resfoundation.org\/rs\/zagadjenje-vazduha\/#primaryimage","url":"https:\/\/resfoundation.org\/rs\/wp-content\/uploads\/2021\/03\/industry-611668_1920.jpg","contentUrl":"https:\/\/resfoundation.org\/rs\/wp-content\/uploads\/2021\/03\/industry-611668_1920.jpg","width":1920,"height":980},{"@type":"BreadcrumbList","@id":"https:\/\/resfoundation.org\/rs\/zagadjenje-vazduha\/#breadcrumb","itemListElement":[{"@type":"ListItem","position":1,"name":"\u041f\u043e\u0447\u0435\u0442\u043d\u0430","item":"https:\/\/resfoundation.org\/rs\/"},{"@type":"ListItem","position":2,"name":"Zaga\u0111enje vazduha"}]},{"@type":"WebSite","@id":"https:\/\/resfoundation.org\/rs\/#website","url":"https:\/\/resfoundation.org\/rs\/","name":"RES fondacija","description":"Partnerships for Resilience","publisher":{"@id":"https:\/\/resfoundation.org\/rs\/#organization"},"potentialAction":[{"@type":"SearchAction","target":{"@type":"EntryPoint","urlTemplate":"https:\/\/resfoundation.org\/rs\/?s={search_term_string}"},"query-input":{"@type":"PropertyValueSpecification","valueRequired":true,"valueName":"search_term_string"}}],"inLanguage":"sr-RS"},{"@type":"Organization","@id":"https:\/\/resfoundation.org\/rs\/#organization","name":"RES fondacija","url":"https:\/\/resfoundation.org\/rs\/","logo":{"@type":"ImageObject","inLanguage":"sr-RS","@id":"https:\/\/resfoundation.org\/rs\/#\/schema\/logo\/image\/","url":"https:\/\/resfoundation.org\/rs\/wp-content\/uploads\/2021\/03\/cropped-cropped-cropped-res-bez-ispisa.png","contentUrl":"https:\/\/resfoundation.org\/rs\/wp-content\/uploads\/2021\/03\/cropped-cropped-cropped-res-bez-ispisa.png","width":512,"height":512,"caption":"RES fondacija"},"image":{"@id":"https:\/\/resfoundation.org\/rs\/#\/schema\/logo\/image\/"}}]}},"_links":{"self":[{"href":"https:\/\/resfoundation.org\/rs\/wp-json\/wp\/v2\/pages\/72","targetHints":{"allow":["GET"]}}],"collection":[{"href":"https:\/\/resfoundation.org\/rs\/wp-json\/wp\/v2\/pages"}],"about":[{"href":"https:\/\/resfoundation.org\/rs\/wp-json\/wp\/v2\/types\/page"}],"author":[{"embeddable":true,"href":"https:\/\/resfoundation.org\/rs\/wp-json\/wp\/v2\/users\/3"}],"replies":[{"embeddable":true,"href":"https:\/\/resfoundation.org\/rs\/wp-json\/wp\/v2\/comments?post=72"}],"version-history":[{"count":10,"href":"https:\/\/resfoundation.org\/rs\/wp-json\/wp\/v2\/pages\/72\/revisions"}],"predecessor-version":[{"id":1985,"href":"https:\/\/resfoundation.org\/rs\/wp-json\/wp\/v2\/pages\/72\/revisions\/1985"}],"wp:attachment":[{"href":"https:\/\/resfoundation.org\/rs\/wp-json\/wp\/v2\/media?parent=72"}],"curies":[{"name":"wp","href":"https:\/\/api.w.org\/{rel}","templated":true}]}}