{"id":953,"date":"2021-03-23T17:22:07","date_gmt":"2021-03-23T17:22:07","guid":{"rendered":"https:\/\/resfoundation.org\/rs\/?page_id=953"},"modified":"2021-08-06T13:21:55","modified_gmt":"2021-08-06T13:21:55","slug":"tim","status":"publish","type":"page","link":"https:\/\/resfoundation.org\/rs\/tim\/","title":{"rendered":"Tim"},"content":{"rendered":"\n<div style=\"height:33px\" aria-hidden=\"true\" class=\"wp-block-spacer\"><\/div>\n\n\n\n<div class=\"wp-block-media-text alignwide is-stacked-on-mobile\"><figure class=\"wp-block-media-text__media\"><img fetchpriority=\"high\" decoding=\"async\" width=\"1024\" height=\"806\" src=\"https:\/\/resfoundation.org\/rs\/wp-content\/uploads\/2021\/03\/unnamed-scaled-e1616520015407-1024x806.jpg\" alt=\"\" class=\"wp-image-959 size-full\" srcset=\"https:\/\/resfoundation.org\/rs\/wp-content\/uploads\/2021\/03\/unnamed-scaled-e1616520015407-1024x806.jpg 1024w, https:\/\/resfoundation.org\/rs\/wp-content\/uploads\/2021\/03\/unnamed-scaled-e1616520015407-300x236.jpg 300w, https:\/\/resfoundation.org\/rs\/wp-content\/uploads\/2021\/03\/unnamed-scaled-e1616520015407-768x605.jpg 768w, https:\/\/resfoundation.org\/rs\/wp-content\/uploads\/2021\/03\/unnamed-scaled-e1616520015407-1536x1210.jpg 1536w, https:\/\/resfoundation.org\/rs\/wp-content\/uploads\/2021\/03\/unnamed-scaled-e1616520015407.jpg 1769w\" sizes=\"(max-width: 1024px) 100vw, 1024px\" \/><\/figure><div class=\"wp-block-media-text__content\">\n<div class=\"wp-block-image is-style-default\"><figure class=\"aligncenter size-large\"><img decoding=\"async\" width=\"50\" height=\"47\" src=\"https:\/\/resfoundation.org\/rs\/wp-content\/uploads\/2021\/03\/MALI-RES.jpg\" alt=\"\" class=\"wp-image-970\"\/><\/figure><\/div>\n\n\n\n<p class=\"has-text-align-center has-large-font-size\">ALEKSANDAR MACURA<\/p>\n\n\n\n<hr class=\"wp-block-separator has-text-color has-background\" style=\"background-color:#2a2459;color:#2a2459\"\/>\n\n\n\n<h4 class=\"has-text-align-center has-text-color wp-block-heading\" style=\"color:#2a2459\">Osniva\u010d i programski direktor  <\/h4>\n\n\n\n<p class=\"has-text-align-center\"><strong>telefon:<\/strong> +381 (0)69 1903687<br><strong>e-mail:<\/strong> macura@resfoundation.org<\/p>\n<\/div><\/div>\n\n\n\n<div style=\"height:44px\" aria-hidden=\"true\" class=\"wp-block-spacer\"><\/div>\n\n\n\n<div class=\"wp-block-media-text alignwide is-stacked-on-mobile\"><figure class=\"wp-block-media-text__media\"><img decoding=\"async\" width=\"1024\" height=\"684\" src=\"https:\/\/resfoundation.org\/rs\/wp-content\/uploads\/2021\/03\/GF19-Foto-Panel-disksija-Zelene-javne-nabavke-u-Srbiji-17-1024x684.jpg\" alt=\"\" class=\"wp-image-955 size-full\" srcset=\"https:\/\/resfoundation.org\/rs\/wp-content\/uploads\/2021\/03\/GF19-Foto-Panel-disksija-Zelene-javne-nabavke-u-Srbiji-17-1024x684.jpg 1024w, https:\/\/resfoundation.org\/rs\/wp-content\/uploads\/2021\/03\/GF19-Foto-Panel-disksija-Zelene-javne-nabavke-u-Srbiji-17-300x200.jpg 300w, https:\/\/resfoundation.org\/rs\/wp-content\/uploads\/2021\/03\/GF19-Foto-Panel-disksija-Zelene-javne-nabavke-u-Srbiji-17-768x513.jpg 768w, https:\/\/resfoundation.org\/rs\/wp-content\/uploads\/2021\/03\/GF19-Foto-Panel-disksija-Zelene-javne-nabavke-u-Srbiji-17-1536x1025.jpg 1536w, https:\/\/resfoundation.org\/rs\/wp-content\/uploads\/2021\/03\/GF19-Foto-Panel-disksija-Zelene-javne-nabavke-u-Srbiji-17-2048x1367.jpg 2048w\" sizes=\"(max-width: 1024px) 100vw, 1024px\" \/><\/figure><div class=\"wp-block-media-text__content\">\n<div class=\"wp-block-image is-style-default\"><figure class=\"aligncenter size-large\"><img decoding=\"async\" width=\"50\" height=\"47\" src=\"https:\/\/resfoundation.org\/rs\/wp-content\/uploads\/2021\/03\/MALI-RES.jpg\" alt=\"\" class=\"wp-image-970\"\/><\/figure><\/div>\n\n\n\n<p class=\"has-text-align-center has-large-font-size\">STEVAN VUJASINOVI\u0106<\/p>\n\n\n\n<hr class=\"wp-block-separator\"\/>\n\n\n\n<h4 class=\"has-text-align-center has-text-color wp-block-heading\" style=\"color:#2a2459\">Izvr\u0161ni direktor <\/h4>\n\n\n\n<p class=\"has-text-align-center\"><strong>telefon: <\/strong>+381 (0)63 390218<br><strong>e-mail: <\/strong>stevan@resfoundation.org<\/p>\n<\/div><\/div>\n\n\n\n<p><\/p>\n\n\n\n<div class=\"wp-block-media-text alignwide is-stacked-on-mobile\"><figure class=\"wp-block-media-text__media\"><img loading=\"lazy\" decoding=\"async\" width=\"1024\" height=\"855\" src=\"https:\/\/resfoundation.org\/rs\/wp-content\/uploads\/2021\/03\/IMG-b81cf5b1a8b5959927ee02bf3b326f89-V-e1616698995496-1024x855.jpg\" alt=\"\" class=\"wp-image-1410 size-full\" srcset=\"https:\/\/resfoundation.org\/rs\/wp-content\/uploads\/2021\/03\/IMG-b81cf5b1a8b5959927ee02bf3b326f89-V-e1616698995496-1024x855.jpg 1024w, https:\/\/resfoundation.org\/rs\/wp-content\/uploads\/2021\/03\/IMG-b81cf5b1a8b5959927ee02bf3b326f89-V-e1616698995496-300x251.jpg 300w, https:\/\/resfoundation.org\/rs\/wp-content\/uploads\/2021\/03\/IMG-b81cf5b1a8b5959927ee02bf3b326f89-V-e1616698995496-768x641.jpg 768w, https:\/\/resfoundation.org\/rs\/wp-content\/uploads\/2021\/03\/IMG-b81cf5b1a8b5959927ee02bf3b326f89-V-e1616698995496.jpg 1110w\" sizes=\"(max-width: 1024px) 100vw, 1024px\" \/><\/figure><div class=\"wp-block-media-text__content\">\n<div class=\"wp-block-image is-style-default\"><figure class=\"aligncenter size-large\"><img decoding=\"async\" width=\"50\" height=\"47\" src=\"https:\/\/resfoundation.org\/rs\/wp-content\/uploads\/2021\/03\/MALI-RES.jpg\" alt=\"\" class=\"wp-image-970\"\/><\/figure><\/div>\n\n\n\n<p class=\"has-text-align-center has-large-font-size\">TANJA POPOVICKI<\/p>\n\n\n\n<hr class=\"wp-block-separator\"\/>\n\n\n\n<h4 class=\"has-text-align-center has-text-color wp-block-heading\" style=\"color:#2a2459\">Programska manad\u017eerka<\/h4>\n\n\n\n<p class=\"has-text-align-center\"><strong>telefon: <\/strong>+381 (0)64 9516782<br><strong>e-mail: <\/strong>popovicki@resfoundation.org<\/p>\n<\/div><\/div>\n\n\n\n<p><\/p>\n\n\n\n<div class=\"wp-block-media-text alignwide is-stacked-on-mobile\"><figure class=\"wp-block-media-text__media\"><img loading=\"lazy\" decoding=\"async\" width=\"1024\" height=\"974\" src=\"https:\/\/resfoundation.org\/rs\/wp-content\/uploads\/2021\/03\/IMG_20210325_215436-1024x974.jpg\" alt=\"\" class=\"wp-image-1421 size-full\" srcset=\"https:\/\/resfoundation.org\/rs\/wp-content\/uploads\/2021\/03\/IMG_20210325_215436-1024x974.jpg 1024w, https:\/\/resfoundation.org\/rs\/wp-content\/uploads\/2021\/03\/IMG_20210325_215436-300x285.jpg 300w, https:\/\/resfoundation.org\/rs\/wp-content\/uploads\/2021\/03\/IMG_20210325_215436-768x730.jpg 768w, https:\/\/resfoundation.org\/rs\/wp-content\/uploads\/2021\/03\/IMG_20210325_215436-1536x1461.jpg 1536w, https:\/\/resfoundation.org\/rs\/wp-content\/uploads\/2021\/03\/IMG_20210325_215436-2048x1948.jpg 2048w\" sizes=\"(max-width: 1024px) 100vw, 1024px\" \/><\/figure><div class=\"wp-block-media-text__content\">\n<div class=\"wp-block-image is-style-default\"><figure class=\"aligncenter size-large\"><img decoding=\"async\" width=\"50\" height=\"47\" src=\"https:\/\/resfoundation.org\/rs\/wp-content\/uploads\/2021\/03\/MALI-RES.jpg\" alt=\"\" class=\"wp-image-970\"\/><\/figure><\/div>\n\n\n\n<p class=\"has-text-align-center has-large-font-size\">DR MAJA PUPOVAC<\/p>\n\n\n\n<hr class=\"wp-block-separator\"\/>\n\n\n\n<h4 class=\"has-text-align-center has-text-color wp-block-heading\" style=\"color:#2a2459\">Projektna menad\u017eerka i menad\u017eerka za komunikacije<\/h4>\n\n\n\n<p class=\"has-text-align-center\"><strong>telefon:<\/strong> +381 (0)61 2303434<br><strong>e-mail:<\/strong> pupovac@resfoundation.org<\/p>\n<\/div><\/div>\n\n\n\n<p><\/p>\n\n\n\n<div class=\"wp-block-media-text alignwide is-stacked-on-mobile\"><figure class=\"wp-block-media-text__media\"><img loading=\"lazy\" decoding=\"async\" width=\"1024\" height=\"683\" src=\"https:\/\/resfoundation.org\/rs\/wp-content\/uploads\/2021\/03\/IMG_3021-1024x683.jpg\" alt=\"\" class=\"wp-image-1512 size-full\" srcset=\"https:\/\/resfoundation.org\/rs\/wp-content\/uploads\/2021\/03\/IMG_3021-1024x683.jpg 1024w, https:\/\/resfoundation.org\/rs\/wp-content\/uploads\/2021\/03\/IMG_3021-300x200.jpg 300w, https:\/\/resfoundation.org\/rs\/wp-content\/uploads\/2021\/03\/IMG_3021-768x512.jpg 768w, https:\/\/resfoundation.org\/rs\/wp-content\/uploads\/2021\/03\/IMG_3021-1536x1024.jpg 1536w, https:\/\/resfoundation.org\/rs\/wp-content\/uploads\/2021\/03\/IMG_3021-2048x1365.jpg 2048w\" sizes=\"(max-width: 1024px) 100vw, 1024px\" \/><\/figure><div class=\"wp-block-media-text__content\">\n<div class=\"wp-block-image is-style-default\"><figure class=\"aligncenter size-large\"><img decoding=\"async\" width=\"50\" height=\"47\" src=\"https:\/\/resfoundation.org\/rs\/wp-content\/uploads\/2021\/03\/MALI-RES.jpg\" alt=\"\" class=\"wp-image-970\"\/><\/figure><\/div>\n\n\n\n<p class=\"has-text-align-center has-large-font-size\">\u017dELJKO ZE\u010cEVI\u0106<\/p>\n\n\n\n<hr class=\"wp-block-separator\"\/>\n\n\n\n<h4 class=\"has-text-align-center has-text-color wp-block-heading\" style=\"color:#2a2459\">Stru\u010dnjak za energetsku efikasnost <\/h4>\n\n\n\n<p class=\"has-text-align-center\"><strong>telefon:<\/strong> +381 (0)64 8172033<br><strong>e-mail:<\/strong> zeljko@resfoundation.org<\/p>\n<\/div><\/div>\n\n\n\n<p><\/p>\n\n\n\n<div class=\"wp-block-media-text alignwide is-stacked-on-mobile\"><figure class=\"wp-block-media-text__media\"><img loading=\"lazy\" decoding=\"async\" width=\"1024\" height=\"683\" src=\"https:\/\/resfoundation.org\/rs\/wp-content\/uploads\/2021\/03\/Nikola-1024x683.jpg\" alt=\"\" class=\"wp-image-1503 size-full\" srcset=\"https:\/\/resfoundation.org\/rs\/wp-content\/uploads\/2021\/03\/Nikola-1024x683.jpg 1024w, https:\/\/resfoundation.org\/rs\/wp-content\/uploads\/2021\/03\/Nikola-300x200.jpg 300w, https:\/\/resfoundation.org\/rs\/wp-content\/uploads\/2021\/03\/Nikola-768x512.jpg 768w, https:\/\/resfoundation.org\/rs\/wp-content\/uploads\/2021\/03\/Nikola-1536x1024.jpg 1536w, https:\/\/resfoundation.org\/rs\/wp-content\/uploads\/2021\/03\/Nikola-2048x1365.jpg 2048w\" sizes=\"(max-width: 1024px) 100vw, 1024px\" \/><\/figure><div class=\"wp-block-media-text__content\">\n<div class=\"wp-block-image is-style-default\"><figure class=\"aligncenter size-large\"><img decoding=\"async\" width=\"50\" height=\"47\" src=\"https:\/\/resfoundation.org\/rs\/wp-content\/uploads\/2021\/03\/MALI-RES.jpg\" alt=\"\" class=\"wp-image-970\"\/><\/figure><\/div>\n\n\n\n<p class=\"has-text-align-center has-large-font-size\">NIKOLA VUJOVI\u0106<\/p>\n\n\n\n<hr class=\"wp-block-separator\"\/>\n\n\n\n<h4 class=\"has-text-align-center has-text-color wp-block-heading\" style=\"color:#2a2459\"> Stru\u010dnjak za energetsku efikasnost  <\/h4>\n\n\n\n<p class=\"has-text-align-center\"><strong>telefon:<\/strong> +381 (0)64 8375706<br><strong>e-mail:<\/strong> nikola@resfoundation.org<\/p>\n<\/div><\/div>\n\n\n\n<p><\/p>\n\n\n\n<div class=\"wp-block-media-text alignwide is-stacked-on-mobile\"><figure class=\"wp-block-media-text__media\"><img loading=\"lazy\" decoding=\"async\" width=\"985\" height=\"1024\" src=\"https:\/\/resfoundation.org\/rs\/wp-content\/uploads\/2021\/03\/Ilija-e1616599362314-985x1024.jpeg\" alt=\"\" class=\"wp-image-1085 size-full\" srcset=\"https:\/\/resfoundation.org\/rs\/wp-content\/uploads\/2021\/03\/Ilija-e1616599362314-985x1024.jpeg 985w, https:\/\/resfoundation.org\/rs\/wp-content\/uploads\/2021\/03\/Ilija-e1616599362314-288x300.jpeg 288w, https:\/\/resfoundation.org\/rs\/wp-content\/uploads\/2021\/03\/Ilija-e1616599362314-768x799.jpeg 768w, https:\/\/resfoundation.org\/rs\/wp-content\/uploads\/2021\/03\/Ilija-e1616599362314.jpeg 1026w\" sizes=\"(max-width: 985px) 100vw, 985px\" \/><\/figure><div class=\"wp-block-media-text__content\">\n<div class=\"wp-block-image is-style-default\"><figure class=\"aligncenter size-large\"><img decoding=\"async\" width=\"50\" height=\"47\" src=\"https:\/\/resfoundation.org\/rs\/wp-content\/uploads\/2021\/03\/MALI-RES.jpg\" alt=\"\" class=\"wp-image-970\"\/><\/figure><\/div>\n\n\n\n<p class=\"has-text-align-center has-large-font-size\">ILIJA JOVAN\u010cEVI\u0106<\/p>\n\n\n\n<hr class=\"wp-block-separator\"\/>\n\n\n\n<h4 class=\"has-text-align-center has-text-color wp-block-heading\" style=\"color:#2a2459\">Istra\u017eiva\u010d saradnik<\/h4>\n\n\n\n<p class=\"has-text-align-center\"><strong>telefon:<\/strong> +381 (0)62 8417875<br><strong>e-mail:<\/strong> ilija@resfoundation.org<\/p>\n<\/div><\/div>\n\n\n\n<p><\/p>\n\n\n\n<div class=\"wp-block-media-text alignwide is-stacked-on-mobile\"><figure class=\"wp-block-media-text__media\"><img loading=\"lazy\" decoding=\"async\" width=\"1024\" height=\"693\" src=\"https:\/\/resfoundation.org\/rs\/wp-content\/uploads\/2021\/03\/IMG_2976-scaled-e1616761492940-1024x693.jpg\" alt=\"\" class=\"wp-image-1500 size-full\" srcset=\"https:\/\/resfoundation.org\/rs\/wp-content\/uploads\/2021\/03\/IMG_2976-scaled-e1616761492940-1024x693.jpg 1024w, https:\/\/resfoundation.org\/rs\/wp-content\/uploads\/2021\/03\/IMG_2976-scaled-e1616761492940-300x203.jpg 300w, https:\/\/resfoundation.org\/rs\/wp-content\/uploads\/2021\/03\/IMG_2976-scaled-e1616761492940-768x520.jpg 768w, https:\/\/resfoundation.org\/rs\/wp-content\/uploads\/2021\/03\/IMG_2976-scaled-e1616761492940-1536x1040.jpg 1536w, https:\/\/resfoundation.org\/rs\/wp-content\/uploads\/2021\/03\/IMG_2976-scaled-e1616761492940-2048x1386.jpg 2048w\" sizes=\"(max-width: 1024px) 100vw, 1024px\" \/><\/figure><div class=\"wp-block-media-text__content\">\n<div class=\"wp-block-image is-style-default\"><figure class=\"aligncenter size-large\"><img decoding=\"async\" width=\"50\" height=\"47\" src=\"https:\/\/resfoundation.org\/rs\/wp-content\/uploads\/2021\/03\/MALI-RES.jpg\" alt=\"\" class=\"wp-image-970\"\/><\/figure><\/div>\n\n\n\n<p class=\"has-text-align-center has-large-font-size\">MARINA MACURA<\/p>\n\n\n\n<hr class=\"wp-block-separator has-text-color has-background\" style=\"background-color:#2a2357;color:#2a2357\"\/>\n\n\n\n<h4 class=\"has-text-align-center has-text-color wp-block-heading\" style=\"color:#2a2459\">Projektna asistentkinja<\/h4>\n\n\n\n<p class=\"has-text-align-center\"><strong>telefon:<\/strong> +381 (0)64 3108873<br><strong>e-mail:<\/strong> office@resfoundation.org<\/p>\n<\/div><\/div>\n\n\n\n<p><\/p>\n\n\n\n<div class=\"wp-block-media-text alignwide is-stacked-on-mobile\"><figure class=\"wp-block-media-text__media\"><img loading=\"lazy\" decoding=\"async\" width=\"1024\" height=\"596\" src=\"https:\/\/resfoundation.org\/rs\/wp-content\/uploads\/2021\/03\/cropped-nest2-1-1024x596.jpg\" alt=\"\" class=\"wp-image-339 size-full\" srcset=\"https:\/\/resfoundation.org\/rs\/wp-content\/uploads\/2021\/03\/cropped-nest2-1-1024x596.jpg 1024w, https:\/\/resfoundation.org\/rs\/wp-content\/uploads\/2021\/03\/cropped-nest2-1-300x175.jpg 300w, https:\/\/resfoundation.org\/rs\/wp-content\/uploads\/2021\/03\/cropped-nest2-1-768x447.jpg 768w, https:\/\/resfoundation.org\/rs\/wp-content\/uploads\/2021\/03\/cropped-nest2-1.jpg 1083w\" sizes=\"(max-width: 1024px) 100vw, 1024px\" \/><\/figure><div class=\"wp-block-media-text__content\">\n<div class=\"wp-block-image is-style-default\"><figure class=\"aligncenter size-large\"><img decoding=\"async\" width=\"50\" height=\"47\" src=\"https:\/\/resfoundation.org\/rs\/wp-content\/uploads\/2021\/03\/MALI-RES.jpg\" alt=\"\" class=\"wp-image-970\"\/><\/figure><\/div>\n\n\n\n<p class=\"has-text-align-center has-large-font-size\">JASMINKA OLIVERI\u0106 YOUNG<\/p>\n\n\n\n<hr class=\"wp-block-separator has-text-color has-background\" style=\"background-color:#2a2357;color:#2a2357\"\/>\n\n\n\n<h4 class=\"has-text-align-center has-text-color wp-block-heading\" style=\"color:#2a2459\">Osniva\u010dica<\/h4>\n<\/div><\/div>\n\n\n\n<p><\/p>\n\n\n\n<div class=\"wp-block-media-text alignwide is-stacked-on-mobile\"><figure class=\"wp-block-media-text__media\"><img loading=\"lazy\" decoding=\"async\" width=\"1024\" height=\"1000\" src=\"https:\/\/resfoundation.org\/rs\/wp-content\/uploads\/2021\/03\/PG1-e1616528311905-1024x1000.jpg\" alt=\"\" class=\"wp-image-1030 size-full\" srcset=\"https:\/\/resfoundation.org\/rs\/wp-content\/uploads\/2021\/03\/PG1-e1616528311905-1024x1000.jpg 1024w, https:\/\/resfoundation.org\/rs\/wp-content\/uploads\/2021\/03\/PG1-e1616528311905-300x293.jpg 300w, https:\/\/resfoundation.org\/rs\/wp-content\/uploads\/2021\/03\/PG1-e1616528311905-768x750.jpg 768w, https:\/\/resfoundation.org\/rs\/wp-content\/uploads\/2021\/03\/PG1-e1616528311905.jpg 1041w\" sizes=\"(max-width: 1024px) 100vw, 1024px\" \/><\/figure><div class=\"wp-block-media-text__content\">\n<div class=\"wp-block-image is-style-default\"><figure class=\"aligncenter size-large\"><img decoding=\"async\" width=\"50\" height=\"47\" src=\"https:\/\/resfoundation.org\/rs\/wp-content\/uploads\/2021\/03\/MALI-RES.jpg\" alt=\"\" class=\"wp-image-970\"\/><\/figure><\/div>\n\n\n\n<p class=\"has-text-align-center has-large-font-size\">PAVLE GOLICIN<\/p>\n\n\n\n<hr class=\"wp-block-separator has-text-color has-background\" style=\"background-color:#2a2357;color:#2a2357\"\/>\n\n\n\n<h4 class=\"has-text-align-center has-text-color wp-block-heading\" style=\"color:#2a2459\">Osniva\u010d<\/h4>\n<\/div><\/div>\n\n\n\n<p><\/p>\n\n\n\n<p><\/p>\n","protected":false},"excerpt":{"rendered":"","protected":false},"author":3,"featured_media":0,"parent":0,"menu_order":0,"comment_status":"closed","ping_status":"closed","template":"","meta":{"footnotes":""},"class_list":["post-953","page","type-page","status-publish","hentry"],"yoast_head":"<!-- This site is optimized with the Yoast SEO plugin v27.2 - https:\/\/yoast.com\/product\/yoast-seo-wordpress\/ -->\n<title>Tim - RES fondacija<\/title>\n<meta name=\"robots\" content=\"index, follow, max-snippet:-1, max-image-preview:large, max-video-preview:-1\" \/>\n<link rel=\"canonical\" href=\"https:\/\/resfoundation.org\/rs\/tim\/\" \/>\n<meta property=\"og:locale\" content=\"sr_RS\" \/>\n<meta property=\"og:type\" content=\"article\" \/>\n<meta property=\"og:title\" content=\"Tim - RES fondacija\" \/>\n<meta property=\"og:url\" content=\"https:\/\/resfoundation.org\/rs\/tim\/\" \/>\n<meta property=\"og:site_name\" content=\"RES fondacija\" \/>\n<meta property=\"article:modified_time\" content=\"2021-08-06T13:21:55+00:00\" \/>\n<meta property=\"og:image\" content=\"https:\/\/resfoundation.org\/rs\/wp-content\/uploads\/2021\/03\/unnamed-scaled-e1616520015407-1024x806.jpg\" \/>\n<meta name=\"twitter:card\" content=\"summary_large_image\" \/>\n<meta name=\"twitter:label1\" content=\"\u041f\u0440\u043e\u0446\u0435\u045a\u0435\u043d\u043e \u0432\u0440\u0435\u043c\u0435 \u0447\u0438\u0442\u0430\u045a\u0430\" \/>\n\t<meta name=\"twitter:data1\" content=\"1 \u043c\u0438\u043d\u0443\u0442\" \/>\n<script type=\"application\/ld+json\" class=\"yoast-schema-graph\">{\"@context\":\"https:\/\/schema.org\",\"@graph\":[{\"@type\":\"WebPage\",\"@id\":\"https:\/\/resfoundation.org\/rs\/tim\/\",\"url\":\"https:\/\/resfoundation.org\/rs\/tim\/\",\"name\":\"Tim - RES fondacija\",\"isPartOf\":{\"@id\":\"https:\/\/resfoundation.org\/rs\/#website\"},\"primaryImageOfPage\":{\"@id\":\"https:\/\/resfoundation.org\/rs\/tim\/#primaryimage\"},\"image\":{\"@id\":\"https:\/\/resfoundation.org\/rs\/tim\/#primaryimage\"},\"thumbnailUrl\":\"https:\/\/resfoundation.org\/rs\/wp-content\/uploads\/2021\/03\/unnamed-scaled-e1616520015407-1024x806.jpg\",\"datePublished\":\"2021-03-23T17:22:07+00:00\",\"dateModified\":\"2021-08-06T13:21:55+00:00\",\"breadcrumb\":{\"@id\":\"https:\/\/resfoundation.org\/rs\/tim\/#breadcrumb\"},\"inLanguage\":\"sr-RS\",\"potentialAction\":[{\"@type\":\"ReadAction\",\"target\":[\"https:\/\/resfoundation.org\/rs\/tim\/\"]}]},{\"@type\":\"ImageObject\",\"inLanguage\":\"sr-RS\",\"@id\":\"https:\/\/resfoundation.org\/rs\/tim\/#primaryimage\",\"url\":\"https:\/\/resfoundation.org\/rs\/wp-content\/uploads\/2021\/03\/unnamed-scaled-e1616520015407.jpg\",\"contentUrl\":\"https:\/\/resfoundation.org\/rs\/wp-content\/uploads\/2021\/03\/unnamed-scaled-e1616520015407.jpg\",\"width\":1769,\"height\":1393},{\"@type\":\"BreadcrumbList\",\"@id\":\"https:\/\/resfoundation.org\/rs\/tim\/#breadcrumb\",\"itemListElement\":[{\"@type\":\"ListItem\",\"position\":1,\"name\":\"\u041f\u043e\u0447\u0435\u0442\u043d\u0430\",\"item\":\"https:\/\/resfoundation.org\/rs\/\"},{\"@type\":\"ListItem\",\"position\":2,\"name\":\"Tim\"}]},{\"@type\":\"WebSite\",\"@id\":\"https:\/\/resfoundation.org\/rs\/#website\",\"url\":\"https:\/\/resfoundation.org\/rs\/\",\"name\":\"RES fondacija\",\"description\":\"Partnerships for Resilience\",\"publisher\":{\"@id\":\"https:\/\/resfoundation.org\/rs\/#organization\"},\"potentialAction\":[{\"@type\":\"SearchAction\",\"target\":{\"@type\":\"EntryPoint\",\"urlTemplate\":\"https:\/\/resfoundation.org\/rs\/?s={search_term_string}\"},\"query-input\":{\"@type\":\"PropertyValueSpecification\",\"valueRequired\":true,\"valueName\":\"search_term_string\"}}],\"inLanguage\":\"sr-RS\"},{\"@type\":\"Organization\",\"@id\":\"https:\/\/resfoundation.org\/rs\/#organization\",\"name\":\"RES fondacija\",\"url\":\"https:\/\/resfoundation.org\/rs\/\",\"logo\":{\"@type\":\"ImageObject\",\"inLanguage\":\"sr-RS\",\"@id\":\"https:\/\/resfoundation.org\/rs\/#\/schema\/logo\/image\/\",\"url\":\"https:\/\/resfoundation.org\/rs\/wp-content\/uploads\/2021\/03\/cropped-cropped-cropped-res-bez-ispisa.png\",\"contentUrl\":\"https:\/\/resfoundation.org\/rs\/wp-content\/uploads\/2021\/03\/cropped-cropped-cropped-res-bez-ispisa.png\",\"width\":512,\"height\":512,\"caption\":\"RES fondacija\"},\"image\":{\"@id\":\"https:\/\/resfoundation.org\/rs\/#\/schema\/logo\/image\/\"}}]}<\/script>\n<!-- \/ Yoast SEO plugin. -->","yoast_head_json":{"title":"Tim - RES fondacija","robots":{"index":"index","follow":"follow","max-snippet":"max-snippet:-1","max-image-preview":"max-image-preview:large","max-video-preview":"max-video-preview:-1"},"canonical":"https:\/\/resfoundation.org\/rs\/tim\/","og_locale":"sr_RS","og_type":"article","og_title":"Tim - RES fondacija","og_url":"https:\/\/resfoundation.org\/rs\/tim\/","og_site_name":"RES fondacija","article_modified_time":"2021-08-06T13:21:55+00:00","og_image":[{"url":"https:\/\/resfoundation.org\/rs\/wp-content\/uploads\/2021\/03\/unnamed-scaled-e1616520015407-1024x806.jpg","type":"","width":"","height":""}],"twitter_card":"summary_large_image","twitter_misc":{"\u041f\u0440\u043e\u0446\u0435\u045a\u0435\u043d\u043e \u0432\u0440\u0435\u043c\u0435 \u0447\u0438\u0442\u0430\u045a\u0430":"1 \u043c\u0438\u043d\u0443\u0442"},"schema":{"@context":"https:\/\/schema.org","@graph":[{"@type":"WebPage","@id":"https:\/\/resfoundation.org\/rs\/tim\/","url":"https:\/\/resfoundation.org\/rs\/tim\/","name":"Tim - RES fondacija","isPartOf":{"@id":"https:\/\/resfoundation.org\/rs\/#website"},"primaryImageOfPage":{"@id":"https:\/\/resfoundation.org\/rs\/tim\/#primaryimage"},"image":{"@id":"https:\/\/resfoundation.org\/rs\/tim\/#primaryimage"},"thumbnailUrl":"https:\/\/resfoundation.org\/rs\/wp-content\/uploads\/2021\/03\/unnamed-scaled-e1616520015407-1024x806.jpg","datePublished":"2021-03-23T17:22:07+00:00","dateModified":"2021-08-06T13:21:55+00:00","breadcrumb":{"@id":"https:\/\/resfoundation.org\/rs\/tim\/#breadcrumb"},"inLanguage":"sr-RS","potentialAction":[{"@type":"ReadAction","target":["https:\/\/resfoundation.org\/rs\/tim\/"]}]},{"@type":"ImageObject","inLanguage":"sr-RS","@id":"https:\/\/resfoundation.org\/rs\/tim\/#primaryimage","url":"https:\/\/resfoundation.org\/rs\/wp-content\/uploads\/2021\/03\/unnamed-scaled-e1616520015407.jpg","contentUrl":"https:\/\/resfoundation.org\/rs\/wp-content\/uploads\/2021\/03\/unnamed-scaled-e1616520015407.jpg","width":1769,"height":1393},{"@type":"BreadcrumbList","@id":"https:\/\/resfoundation.org\/rs\/tim\/#breadcrumb","itemListElement":[{"@type":"ListItem","position":1,"name":"\u041f\u043e\u0447\u0435\u0442\u043d\u0430","item":"https:\/\/resfoundation.org\/rs\/"},{"@type":"ListItem","position":2,"name":"Tim"}]},{"@type":"WebSite","@id":"https:\/\/resfoundation.org\/rs\/#website","url":"https:\/\/resfoundation.org\/rs\/","name":"RES fondacija","description":"Partnerships for Resilience","publisher":{"@id":"https:\/\/resfoundation.org\/rs\/#organization"},"potentialAction":[{"@type":"SearchAction","target":{"@type":"EntryPoint","urlTemplate":"https:\/\/resfoundation.org\/rs\/?s={search_term_string}"},"query-input":{"@type":"PropertyValueSpecification","valueRequired":true,"valueName":"search_term_string"}}],"inLanguage":"sr-RS"},{"@type":"Organization","@id":"https:\/\/resfoundation.org\/rs\/#organization","name":"RES fondacija","url":"https:\/\/resfoundation.org\/rs\/","logo":{"@type":"ImageObject","inLanguage":"sr-RS","@id":"https:\/\/resfoundation.org\/rs\/#\/schema\/logo\/image\/","url":"https:\/\/resfoundation.org\/rs\/wp-content\/uploads\/2021\/03\/cropped-cropped-cropped-res-bez-ispisa.png","contentUrl":"https:\/\/resfoundation.org\/rs\/wp-content\/uploads\/2021\/03\/cropped-cropped-cropped-res-bez-ispisa.png","width":512,"height":512,"caption":"RES fondacija"},"image":{"@id":"https:\/\/resfoundation.org\/rs\/#\/schema\/logo\/image\/"}}]}},"_links":{"self":[{"href":"https:\/\/resfoundation.org\/rs\/wp-json\/wp\/v2\/pages\/953","targetHints":{"allow":["GET"]}}],"collection":[{"href":"https:\/\/resfoundation.org\/rs\/wp-json\/wp\/v2\/pages"}],"about":[{"href":"https:\/\/resfoundation.org\/rs\/wp-json\/wp\/v2\/types\/page"}],"author":[{"embeddable":true,"href":"https:\/\/resfoundation.org\/rs\/wp-json\/wp\/v2\/users\/3"}],"replies":[{"embeddable":true,"href":"https:\/\/resfoundation.org\/rs\/wp-json\/wp\/v2\/comments?post=953"}],"version-history":[{"count":29,"href":"https:\/\/resfoundation.org\/rs\/wp-json\/wp\/v2\/pages\/953\/revisions"}],"predecessor-version":[{"id":1911,"href":"https:\/\/resfoundation.org\/rs\/wp-json\/wp\/v2\/pages\/953\/revisions\/1911"}],"wp:attachment":[{"href":"https:\/\/resfoundation.org\/rs\/wp-json\/wp\/v2\/media?parent=953"}],"curies":[{"name":"wp","href":"https:\/\/api.w.org\/{rel}","templated":true}]}}